{"id":392,"date":"2016-10-20T10:48:02","date_gmt":"2016-10-20T08:48:02","guid":{"rendered":"https:\/\/www.ccpitaliana.it\/servizi\/?lang=fr"},"modified":"2017-03-27T11:21:13","modified_gmt":"2017-03-27T09:21:13","slug":"service","status":"publish","type":"page","link":"https:\/\/www.ccpitaliana.it\/fr\/service\/","title":{"rendered":"Service"},"content":{"rendered":"<p>[vc_row][vc_column width=&#8221;1\/1&#8243;][vc_row_inner][vc_column_inner width=&#8221;1\/1&#8243;][vc_column_text]<\/p>\n<h1 style=\"text-align: center;\">Servizi CCP Italiana<\/h1>\n<p>[\/vc_column_text][vc_column_text]<\/p>\n<p style=\"text-align: center;\">Nous op\u00e9rons depuis de nombreuses ann\u00e9es dans toute l\u2019Italie et \u00e0 l\u2019\u00e9tranger en mettant en avant une approche s\u00e9rieuse et diligente, en faisant appel \u00e0 des ing\u00e9nieurs et des techniciens sp\u00e9cialis\u00e9s dans le domaine de la consolidation des sols, des fondations sp\u00e9ciales et d\u2019autres activit\u00e9s concernant les ouvrages de g\u00e9nie civil du sous-sol. Nous appliquons notamment :<\/p>\n<p>[\/vc_column_text][\/vc_column_inner][\/vc_row_inner][\/vc_column][\/vc_row][vc_row][vc_column column_width_percent=&#8221;100&#8243; align_horizontal=&#8221;align_center&#8221; overlay_alpha=&#8221;50&#8243; gutter_size=&#8221;3&#8243; align_medium=&#8221;align_center_tablet&#8221; medium_width=&#8221;0&#8243; shift_x=&#8221;0&#8243; shift_y=&#8221;0&#8243; z_index=&#8221;0&#8243; width=&#8221;1\/3&#8243;][vc_single_image media=&#8221;20&#8243; media_width_percent=&#8221;100&#8243; alignment=&#8221;center&#8221; shape=&#8221;img-round&#8221; border=&#8221;yes&#8221; shadow=&#8221;yes&#8221; media_link=&#8221;url:http%3A%2F%2Fwww.ccpitaliana.it%2Ffr%2Fjet-grouting%2F|||&#8221;][vc_column_text]<\/p>\n<h2 style=\"text-align: center;\">Jet Grouting<\/h2>\n<p>[\/vc_column_text][\/vc_column][vc_column width=&#8221;1\/3&#8243;][vc_single_image media=&#8221;157&#8243; media_width_percent=&#8221;100&#8243; alignment=&#8221;center&#8221; shape=&#8221;img-round&#8221; border=&#8221;yes&#8221; shadow=&#8221;yes&#8221; media_link=&#8221;url:http%3A%2F%2Fwww.ccpitaliana.it%2Ffr%2Fcompaction-grouting%2F|||&#8221;][vc_column_text]<\/p>\n<h2 style=\"text-align: center;\">Compaction grouting<\/h2>\n<p>[\/vc_column_text][\/vc_column][vc_column width=&#8221;1\/3&#8243;][vc_single_image media=&#8221;81&#8243; media_width_percent=&#8221;100&#8243; alignment=&#8221;center&#8221; shape=&#8221;img-round&#8221; border=&#8221;yes&#8221; shadow=&#8221;yes&#8221; media_link=&#8221;url:http%3A%2F%2Fwww.ccpitaliana.it%2Ffr%2Fmicropieux%2F|||&#8221;][vc_column_text]<\/p>\n<h2 style=\"text-align: center;\">Micropieux<\/h2>\n<p>[\/vc_column_text][\/vc_column][\/vc_row][vc_row][vc_column width=&#8221;1\/1&#8243;][\/vc_column][\/vc_row][vc_row][vc_column column_width_percent=&#8221;100&#8243; align_horizontal=&#8221;align_center&#8221; overlay_alpha=&#8221;50&#8243; gutter_size=&#8221;3&#8243; align_medium=&#8221;align_center_tablet&#8221; medium_width=&#8221;0&#8243; shift_x=&#8221;0&#8243; shift_y=&#8221;0&#8243; z_index=&#8221;0&#8243; width=&#8221;1\/3&#8243;][vc_single_image media=&#8221;113&#8243; media_width_percent=&#8221;100&#8243; alignment=&#8221;center&#8221; shape=&#8221;img-round&#8221; border=&#8221;yes&#8221; shadow=&#8221;yes&#8221; media_link=&#8221;url:http%3A%2F%2Fwww.ccpitaliana.it%2Ffr%2Ftirants-en-acier%2F|||&#8221;][vc_column_text]<\/p>\n<h2 style=\"text-align: center;\">Tirants en acier<\/h2>\n<p>[\/vc_column_text][\/vc_column][vc_column width=&#8221;1\/3&#8243;][vc_single_image media=&#8221;127&#8243; media_width_percent=&#8221;100&#8243; alignment=&#8221;center&#8221; shape=&#8221;img-round&#8221; border=&#8221;yes&#8221; shadow=&#8221;yes&#8221; media_link=&#8221;url:http%3A%2F%2Fwww.ccpitaliana.it%2Ffr%2Fdrains%2F|||&#8221;][vc_column_text]<\/p>\n<h2 style=\"text-align: center;\">Drains<\/h2>\n<p>[\/vc_column_text][\/vc_column][vc_column width=&#8221;1\/3&#8243;][vc_single_image media=&#8221;333&#8243; media_width_percent=&#8221;100&#8243; alignment=&#8221;center&#8221; shape=&#8221;img-round&#8221; border=&#8221;yes&#8221; shadow=&#8221;yes&#8221; media_link=&#8221;url:http%3A%2F%2Fwww.ccpitaliana.it%2Ffr%2Fl-assainissement-et-le-traitement-de-surfaces-polluees%2F|||&#8221;][vc_column_text]<\/p>\n<h2 style=\"text-align: center;\">L\u2019assainissement et le traitement de surfaces pollu\u00e9es<\/h2>\n<p>[\/vc_column_text][\/vc_column][\/vc_row]<\/p>\n","protected":false},"excerpt":{"rendered":"<p>[vc_row][vc_column width=&#8221;1\/1&#8243;][vc_row_inner][vc_column_inner width=&#8221;1\/1&#8243;][vc_column_text] Servizi CCP Italiana [\/vc_column_text][vc_column_text] Nous op\u00e9rons depuis de nombreuses ann\u00e9es dans toute l\u2019Italie et \u00e0 l\u2019\u00e9tranger en [&hellip;]<\/p>\n","protected":false},"author":1,"featured_media":0,"parent":0,"menu_order":0,"comment_status":"closed","ping_status":"closed","template":"","meta":{"_exactmetrics_skip_tracking":false,"_exactmetrics_sitenote_active":false,"_exactmetrics_sitenote_note":"","_exactmetrics_sitenote_category":0,"footnotes":""},"class_list":["post-392","page","type-page","status-publish","hentry"],"yoast_head":"<!-- This site is optimized with the Yoast SEO plugin v26.2 - https:\/\/yoast.com\/wordpress\/plugins\/seo\/ -->\n<title>Nos services<\/title>\n<meta name=\"description\" content=\"Nous op\u00e9rons depuis de nombreuses ann\u00e9es dans toute l\u2019Italie et \u00e0 l\u2019\u00e9tranger en mettant en avant une approche s\u00e9rieuse et diligente,\" \/>\n<meta name=\"robots\" content=\"index, follow, max-snippet:-1, max-image-preview:large, max-video-preview:-1\" \/>\n<link rel=\"canonical\" href=\"https:\/\/www.ccpitaliana.it\/fr\/service\/\" \/>\n<meta property=\"og:locale\" content=\"fr_FR\" \/>\n<meta property=\"og:type\" content=\"article\" \/>\n<meta property=\"og:title\" content=\"Nos services\" \/>\n<meta property=\"og:description\" content=\"Nous op\u00e9rons depuis de nombreuses ann\u00e9es dans toute l\u2019Italie et \u00e0 l\u2019\u00e9tranger en mettant en avant une approche s\u00e9rieuse et diligente,\" \/>\n<meta property=\"og:url\" content=\"https:\/\/www.ccpitaliana.it\/fr\/service\/\" \/>\n<meta property=\"og:site_name\" content=\"CCP Italiana\" \/>\n<meta property=\"article:modified_time\" content=\"2017-03-27T09:21:13+00:00\" \/>\n<meta property=\"og:image\" content=\"http:\/\/www.ccpitaliana.it\/wp-content\/uploads\/2016\/10\/share_jet_grouting.jpg\" \/>\n<meta name=\"twitter:card\" content=\"summary_large_image\" \/>\n<meta name=\"twitter:title\" content=\"Nos services\" \/>\n<meta name=\"twitter:description\" content=\"Nous op\u00e9rons depuis de nombreuses ann\u00e9es dans toute l\u2019Italie et \u00e0 l\u2019\u00e9tranger en mettant en avant une approche s\u00e9rieuse et diligente,\" \/>\n<meta name=\"twitter:image\" content=\"http:\/\/www.ccpitaliana.it\/wp-content\/uploads\/2016\/10\/share_jet_grouting.jpg\" \/>\n<meta name=\"twitter:label1\" content=\"Est. reading time\" \/>\n\t<meta name=\"twitter:data1\" content=\"2 minutes\" \/>\n<script type=\"application\/ld+json\" class=\"yoast-schema-graph\">{\"@context\":\"https:\/\/schema.org\",\"@graph\":[{\"@type\":\"WebPage\",\"@id\":\"https:\/\/www.ccpitaliana.it\/fr\/service\/\",\"url\":\"https:\/\/www.ccpitaliana.it\/fr\/service\/\",\"name\":\"Nos services\",\"isPartOf\":{\"@id\":\"https:\/\/www.ccpitaliana.it\/#website\"},\"datePublished\":\"2016-10-20T08:48:02+00:00\",\"dateModified\":\"2017-03-27T09:21:13+00:00\",\"description\":\"Nous op\u00e9rons depuis de nombreuses ann\u00e9es dans toute l\u2019Italie et \u00e0 l\u2019\u00e9tranger en mettant en avant une approche s\u00e9rieuse et diligente,\",\"breadcrumb\":{\"@id\":\"https:\/\/www.ccpitaliana.it\/fr\/service\/#breadcrumb\"},\"inLanguage\":\"fr-FR\",\"potentialAction\":[{\"@type\":\"ReadAction\",\"target\":[\"https:\/\/www.ccpitaliana.it\/fr\/service\/\"]}]},{\"@type\":\"BreadcrumbList\",\"@id\":\"https:\/\/www.ccpitaliana.it\/fr\/service\/#breadcrumb\",\"itemListElement\":[{\"@type\":\"ListItem\",\"position\":1,\"name\":\"Home\",\"item\":\"https:\/\/www.ccpitaliana.it\/fr\/\"},{\"@type\":\"ListItem\",\"position\":2,\"name\":\"Service\"}]},{\"@type\":\"WebSite\",\"@id\":\"https:\/\/www.ccpitaliana.it\/#website\",\"url\":\"https:\/\/www.ccpitaliana.it\/\",\"name\":\"CCP Italiana\",\"description\":\"Jet Grouting\",\"publisher\":{\"@id\":\"https:\/\/www.ccpitaliana.it\/#organization\"},\"potentialAction\":[{\"@type\":\"SearchAction\",\"target\":{\"@type\":\"EntryPoint\",\"urlTemplate\":\"https:\/\/www.ccpitaliana.it\/?s={search_term_string}\"},\"query-input\":{\"@type\":\"PropertyValueSpecification\",\"valueRequired\":true,\"valueName\":\"search_term_string\"}}],\"inLanguage\":\"fr-FR\"},{\"@type\":\"Organization\",\"@id\":\"https:\/\/www.ccpitaliana.it\/#organization\",\"name\":\"CCP Italiana S.r.l.\",\"url\":\"https:\/\/www.ccpitaliana.it\/\",\"logo\":{\"@type\":\"ImageObject\",\"inLanguage\":\"fr-FR\",\"@id\":\"https:\/\/www.ccpitaliana.it\/#\/schema\/logo\/image\/\",\"url\":\"https:\/\/www.ccpitaliana.it\/wp-content\/uploads\/2016\/10\/ccp_italiana_logo.jpg\",\"contentUrl\":\"https:\/\/www.ccpitaliana.it\/wp-content\/uploads\/2016\/10\/ccp_italiana_logo.jpg\",\"width\":252,\"height\":260,\"caption\":\"CCP Italiana S.r.l.\"},\"image\":{\"@id\":\"https:\/\/www.ccpitaliana.it\/#\/schema\/logo\/image\/\"}}]}<\/script>\n<!-- \/ Yoast SEO plugin. -->","yoast_head_json":{"title":"Nos services","description":"Nous op\u00e9rons depuis de nombreuses ann\u00e9es dans toute l\u2019Italie et \u00e0 l\u2019\u00e9tranger en mettant en avant une approche s\u00e9rieuse et diligente,","robots":{"index":"index","follow":"follow","max-snippet":"max-snippet:-1","max-image-preview":"max-image-preview:large","max-video-preview":"max-video-preview:-1"},"canonical":"https:\/\/www.ccpitaliana.it\/fr\/service\/","og_locale":"fr_FR","og_type":"article","og_title":"Nos services","og_description":"Nous op\u00e9rons depuis de nombreuses ann\u00e9es dans toute l\u2019Italie et \u00e0 l\u2019\u00e9tranger en mettant en avant une approche s\u00e9rieuse et diligente,","og_url":"https:\/\/www.ccpitaliana.it\/fr\/service\/","og_site_name":"CCP Italiana","article_modified_time":"2017-03-27T09:21:13+00:00","og_image":[{"url":"http:\/\/www.ccpitaliana.it\/wp-content\/uploads\/2016\/10\/share_jet_grouting.jpg","type":"","width":"","height":""}],"twitter_card":"summary_large_image","twitter_title":"Nos services","twitter_description":"Nous op\u00e9rons depuis de nombreuses ann\u00e9es dans toute l\u2019Italie et \u00e0 l\u2019\u00e9tranger en mettant en avant une approche s\u00e9rieuse et diligente,","twitter_image":"http:\/\/www.ccpitaliana.it\/wp-content\/uploads\/2016\/10\/share_jet_grouting.jpg","twitter_misc":{"Est. reading time":"2 minutes"},"schema":{"@context":"https:\/\/schema.org","@graph":[{"@type":"WebPage","@id":"https:\/\/www.ccpitaliana.it\/fr\/service\/","url":"https:\/\/www.ccpitaliana.it\/fr\/service\/","name":"Nos services","isPartOf":{"@id":"https:\/\/www.ccpitaliana.it\/#website"},"datePublished":"2016-10-20T08:48:02+00:00","dateModified":"2017-03-27T09:21:13+00:00","description":"Nous op\u00e9rons depuis de nombreuses ann\u00e9es dans toute l\u2019Italie et \u00e0 l\u2019\u00e9tranger en mettant en avant une approche s\u00e9rieuse et diligente,","breadcrumb":{"@id":"https:\/\/www.ccpitaliana.it\/fr\/service\/#breadcrumb"},"inLanguage":"fr-FR","potentialAction":[{"@type":"ReadAction","target":["https:\/\/www.ccpitaliana.it\/fr\/service\/"]}]},{"@type":"BreadcrumbList","@id":"https:\/\/www.ccpitaliana.it\/fr\/service\/#breadcrumb","itemListElement":[{"@type":"ListItem","position":1,"name":"Home","item":"https:\/\/www.ccpitaliana.it\/fr\/"},{"@type":"ListItem","position":2,"name":"Service"}]},{"@type":"WebSite","@id":"https:\/\/www.ccpitaliana.it\/#website","url":"https:\/\/www.ccpitaliana.it\/","name":"CCP Italiana","description":"Jet Grouting","publisher":{"@id":"https:\/\/www.ccpitaliana.it\/#organization"},"potentialAction":[{"@type":"SearchAction","target":{"@type":"EntryPoint","urlTemplate":"https:\/\/www.ccpitaliana.it\/?s={search_term_string}"},"query-input":{"@type":"PropertyValueSpecification","valueRequired":true,"valueName":"search_term_string"}}],"inLanguage":"fr-FR"},{"@type":"Organization","@id":"https:\/\/www.ccpitaliana.it\/#organization","name":"CCP Italiana S.r.l.","url":"https:\/\/www.ccpitaliana.it\/","logo":{"@type":"ImageObject","inLanguage":"fr-FR","@id":"https:\/\/www.ccpitaliana.it\/#\/schema\/logo\/image\/","url":"https:\/\/www.ccpitaliana.it\/wp-content\/uploads\/2016\/10\/ccp_italiana_logo.jpg","contentUrl":"https:\/\/www.ccpitaliana.it\/wp-content\/uploads\/2016\/10\/ccp_italiana_logo.jpg","width":252,"height":260,"caption":"CCP Italiana S.r.l."},"image":{"@id":"https:\/\/www.ccpitaliana.it\/#\/schema\/logo\/image\/"}}]}},"_links":{"self":[{"href":"https:\/\/www.ccpitaliana.it\/fr\/wp-json\/wp\/v2\/pages\/392","targetHints":{"allow":["GET"]}}],"collection":[{"href":"https:\/\/www.ccpitaliana.it\/fr\/wp-json\/wp\/v2\/pages"}],"about":[{"href":"https:\/\/www.ccpitaliana.it\/fr\/wp-json\/wp\/v2\/types\/page"}],"author":[{"embeddable":true,"href":"https:\/\/www.ccpitaliana.it\/fr\/wp-json\/wp\/v2\/users\/1"}],"replies":[{"embeddable":true,"href":"https:\/\/www.ccpitaliana.it\/fr\/wp-json\/wp\/v2\/comments?post=392"}],"version-history":[{"count":5,"href":"https:\/\/www.ccpitaliana.it\/fr\/wp-json\/wp\/v2\/pages\/392\/revisions"}],"predecessor-version":[{"id":445,"href":"https:\/\/www.ccpitaliana.it\/fr\/wp-json\/wp\/v2\/pages\/392\/revisions\/445"}],"wp:attachment":[{"href":"https:\/\/www.ccpitaliana.it\/fr\/wp-json\/wp\/v2\/media?parent=392"}],"curies":[{"name":"wp","href":"https:\/\/api.w.org\/{rel}","templated":true}]}}