{"id":398,"date":"2016-10-20T13:06:02","date_gmt":"2016-10-20T11:06:02","guid":{"rendered":"https:\/\/www.ccpitaliana.it\/jet-grouting\/?lang=fr"},"modified":"2017-03-27T11:19:06","modified_gmt":"2017-03-27T09:19:06","slug":"jet-grouting","status":"publish","type":"page","link":"https:\/\/www.ccpitaliana.it\/fr\/jet-grouting\/","title":{"rendered":"Jet Grouting"},"content":{"rendered":"<p>[vc_row][vc_column width=&#8221;1\/1&#8243;][vc_single_image media=&#8221;304&#8243; media_poster=&#8221;yes&#8221; media_width_percent=&#8221;70&#8243; alignment=&#8221;center&#8221;][vc_column_text]<\/p>\n<h1 style=\"text-align: center;\">Jet Grouting<\/h1>\n<p>[\/vc_column_text][\/vc_column][\/vc_row][vc_row][vc_column width=&#8221;1\/2&#8243;][vc_column_text]<strong><u>DESCRIPTION DE LA TECHNOLOGIE<\/u><\/strong><\/p>\n<p>La technique du <strong>jet grouting<\/strong> consiste \u00e0 injecter dans le sol, \u00e0 travers une ou plusieurs buses pos\u00e9es perpendiculairement sur une batterie de tiges, un stabilisateur de suspension (g\u00e9n\u00e9ralement de l\u2019eau et du ciment) \u00e0 tr\u00e8s haute pression, produisant une \u00ab\u00a0rupture\u00a0\u00bb momentan\u00e9e localis\u00e9e dans le sol environnant, qui est ensuite m\u00e9lang\u00e9 avec le m\u00e9lange lui-m\u00eame donnant lieu \u00e0 une \u00ab\u00a0colonne\u00a0\u00bb uniform\u00e9ment ciment\u00e9e.<br \/>\nL\u2019application de la <strong>technologie du jet grouting<\/strong>, capable de cr\u00e9er des volumes de sol trait\u00e9 ayant une forme (cylindrique ou stratifi\u00e9e) et des dimensions contr\u00f4l\u00e9es, a permis de r\u00e9soudre avec succ\u00e8s de nombreux probl\u00e8mes de consolidation du sol et de consolidation de fondations.<br \/>\nCe jet de fluide a la capacit\u00e9 de d\u00e9sagr\u00e9ger le sol sur le site tout en le m\u00e9langeant\u00a0; de cette fa\u00e7on, les volumes consolid\u00e9s sont parfaitement ancr\u00e9s dans les sols pr\u00e9sents en profondeur en am\u00e9liorant leurs propri\u00e9t\u00e9s m\u00e9caniques.<br \/>\n\u00c0 l\u2019int\u00e9rieur des volumes trait\u00e9s, dans le rayon de jet R, qui d\u00e9pend de la r\u00e9sistance au cisaillement du sol, de la dur\u00e9e de pression, de la pression, du nombre et du diam\u00e8tre des buses, la projection des m\u00e9langes \u00e0 tr\u00e8s haute pression coupe le sol, le m\u00e9lange et le consolide en lui donnant une nouvelle assise structurelle.<br \/>\nLes \u00e9quipements n\u00e9cessaires \u00e0 la r\u00e9alisation du jet grouting sont essentiellement les suivants\u00a0:<br \/>\n&#8211; sonde foreuse sur chenilles pour les op\u00e9rations de forage dans la phase de descente et les op\u00e9rations de jet d\u2019injection dans la phase de remont\u00e9e\u00a0;<br \/>\n&#8211; batterie de tiges qui porte \u00e0 son extr\u00e9mit\u00e9 inf\u00e9rieure l\u2019outil de forage et sur laquelle sont mont\u00e9es les buses pour l\u2019injection qui suit\u00a0;<br \/>\n&#8211; centrale d\u2019injection et de conditionnement du m\u00e9lange de ciment compos\u00e9e des \u00e9quipements de base suivants. (silos verticaux, r\u00e9servoir de stockage d\u2019eau, m\u00e9langeur, agitateur, pompes pour le pompage de la suspension de ciment depuis l\u2019installation vers la sonde foreuse, compresseur n\u00e9cessaire, le cas \u00e9ch\u00e9ant, pour l\u2019entr\u00e9e d\u2019air comprim\u00e9 dans la sonde foreuse dans <strong>le cas d\u2019un tuyau bi fluide de jet grouting<\/strong>).[\/vc_column_text][\/vc_column][vc_column width=&#8221;1\/2&#8243;][vc_column_text]<strong><u>SCH\u00c9MA OP\u00c9RATIONNEL<\/u><\/strong><\/p>\n<p>Le processus technologique peut \u00eatre sch\u00e9matis\u00e9 comme suit\u00a0:<\/p>\n<ul>\n<li><strong>PHASE 1<\/strong> Positionnement de la sonde de forage et d\u00e9but du forage : la sonde de forage est d\u00e9plac\u00e9e par l\u2019op\u00e9rateur de mani\u00e8re \u00e0 faire correspondre l\u2019outil de forage au piquet destin\u00e9 au tra\u00e7age. Une fois que la sonde est positionn\u00e9e, l\u2019op\u00e9rateur commence le forage de fa\u00e7on \u00e0 atteindre la profondeur requise par le projet. Le forage consiste \u00e0 ins\u00e9rer dans le sol une batterie de tiges en tournant l\u2019outil de forage choisi selon le type et les caract\u00e9ristiques du sol \u00e0 traverser.<\/li>\n<\/ul>\n<p>&nbsp;<\/p>\n<ul>\n<li><strong>PHASE 2<\/strong> Fin de forage<\/li>\n<\/ul>\n<p>&nbsp;<\/p>\n<ul>\n<li><strong>PHASE 3<\/strong> D\u00e9but du processus de jet d\u2019injection\u00a0: le m\u00e9lange de ciment compos\u00e9 d\u2019eau, de ciment et d\u2019\u00e9ventuels additifs, dos\u00e9s selon les sp\u00e9cifications de conception, est conditionn\u00e9 dans la centrale d\u2019injection. En cas de <strong>jet grouting MONOFLUIDE<\/strong>, en utilisant une pompe sp\u00e9ciale haute pression, un seul fluide est inject\u00e9 (suspension de ciment)\u00a0; en cas de <strong>jet grouting BIFLUIDE<\/strong>, deux fluides (suspension de ciment + air qui permet d\u2019accro\u00eetre l\u2019action de d\u00e9sint\u00e9gration et de brassage du sol) sont inject\u00e9s de fa\u00e7on coaxiale<\/li>\n<\/ul>\n<p>&nbsp;<\/p>\n<ul>\n<li><strong>PHASE 4<\/strong> Remont\u00e9e et rotation \u00e0 vitesse pr\u00e9\u00e9tablie : le<strong> jet coaxial<\/strong> d\u2019un ou deux fluides entre dans le sol dans une certaine direction et pour un certain intervalle de temps\u00a0; en effectuant simultan\u00e9ment l\u2019op\u00e9ration d\u2019extraction et de rotation du jet \u00e0 vitesse constante, vous obtenez des volumes de sol trait\u00e9 en forme de colonne.<\/li>\n<\/ul>\n<p>&nbsp;<\/p>\n<ul>\n<li><strong>PHASE 5<\/strong> Ach\u00e8vement et r\u00e9p\u00e9tition du processus.<\/li>\n<\/ul>\n<p>[\/vc_column_text][\/vc_column][\/vc_row][vc_row][vc_column width=&#8221;1\/1&#8243;][vc_gallery el_id=&#8221;gallery-149771&#8243; medias=&#8221;20,22,23,29,30,167&#8243; gutter_size=&#8221;3&#8243; screen_lg=&#8221;1000&#8243; screen_md=&#8221;600&#8243; screen_sm=&#8221;480&#8243; images_size=&#8221;four-three&#8221; single_overlay_opacity=&#8221;50&#8243; single_padding=&#8221;2&#8243;][\/vc_column][\/vc_row][vc_row][vc_column width=&#8221;1\/2&#8243;][vc_column_text]<strong><u>APPLICATIONS<\/u><\/strong><\/p>\n<p>&#8211; colonnes individuelles et\/ou en groupes li\u00e9es pour les fondations directes ;<br \/>\n&#8211; remise en \u00e9tat des surfaces de sols pollu\u00e9es\u00a0;<br \/>\n&#8211; imperm\u00e9abilisation des fouilles de fondation \u00ab\u00a0bouchon de fond\u00a0\u00bb\u00a0;<br \/>\n&#8211; interventions de r\u00e9novation de chauss\u00e9es d\u00e9form\u00e9es\u00a0;<br \/>\n&#8211; colonnes juxtapos\u00e9es et\/ou li\u00e9es pour la formation de murs diaphragmes rigides ou plastiques\u00a0;<br \/>\n&#8211; sous-fondations de structures existantes\u00a0;<br \/>\n&#8211; ancrages en terrains meubles\u00a0;<br \/>\n&#8211; formation de puits pour <strong>les fondations profondes de grandes dimensions<\/strong>\u00a0;<br \/>\n&#8211; protection de tunnels \u00e9troits et de fouilles en cours\u00a0;<\/p>\n<p>&#8211; protezione per cunicoli e scavi in avanzamento;[\/vc_column_text][\/vc_column][vc_column width=&#8221;1\/2&#8243;][vc_column_text]<strong><u>PARTICULARIT\u00c9S DU JET GROUTING<\/u><\/strong><\/p>\n<p>&#8211; Il n\u2019y a aucune extraction du mat\u00e9riau de sol, ce qui \u00e9vite de nombreux inconv\u00e9nients d\u2019ordre pratique et technique qui accompagnent la mise en \u0153uvre de colonnes, de poteaux et de diaphragmes avec divers syst\u00e8mes de chemise et de bentonite (enl\u00e8vement des d\u00e9blais, des r\u00e9servoirs et des \u00e9quipements pour bentonite)<\/p>\n<p>&#8211; Le forage de petit diam\u00e8tre \u00e0 rotation ou \u00e0 roto-percussion permet de traverser sans difficult\u00e9s techniques les couches h\u00e9t\u00e9rog\u00e8nes de mat\u00e9riaux et de d\u00e9p\u00f4ts contenant de petits et de grands blocs. Les mat\u00e9riaux litho\u00efdes travers\u00e9s et entrant dans le rayon d\u2019action de l\u2019injection sont partiellement ou totalement int\u00e9gr\u00e9s dans la structure de la colonne.<\/p>\n<p>&#8211; Possibilit\u00e9 d\u2019obtenir \u00e9galement des colonnes de \u00ab\u00a0grandes dimensions\u00a0\u00bb avec de petites machines capables de fonctionner dans des espaces confin\u00e9s.<br \/>\n&#8211; Absence de vibrations, de percussions et de chocs.<br \/>\n&#8211; Aucun besoin en mat\u00e9riaux inertes, \u00e9tant donn\u00e9 que le mat\u00e9riau qui est m\u00e9lang\u00e9 avec le liant est le sol m\u00eame.<\/p>\n<p>&#8211; Il est possible d\u2019injecter des substances de n\u2019importe quel type et de les ins\u00e9rer dans le sol quelle que soit sa perm\u00e9abilit\u00e9.<\/p>\n<p>&#8211; Soudure parfaite entre les colonnes adjacentes\u00a0; si elles sont r\u00e9alis\u00e9es avec un entraxe inf\u00e9rieur \u00e0 leur diam\u00e8tre, il est possible de constituer des structures composites monolithiques (groupes de colonnes, diaphragmes, cloisons, puits, etc.).<\/p>\n<p>&#8211; Possibilit\u00e9 d\u2019ex\u00e9cuter des colonnes de toutes les inclinaisons, m\u00eame \u00e0 l\u2019horizontale.<\/p>\n<p>&#8211; Possibilit\u00e9 de nuancer la consolidation en fonction des objectifs \u00e0 atteindre.[\/vc_column_text][\/vc_column][\/vc_row][vc_row][vc_column width=&#8221;1\/1&#8243;][vc_gallery el_id=&#8221;gallery-149771&#8243; medias=&#8221;230,166,158,161,160,164&#8243; gutter_size=&#8221;3&#8243; screen_lg=&#8221;1000&#8243; screen_md=&#8221;600&#8243; screen_sm=&#8221;480&#8243; images_size=&#8221;four-three&#8221; single_overlay_opacity=&#8221;50&#8243; single_padding=&#8221;2&#8243;][\/vc_column][\/vc_row]<\/p>\n","protected":false},"excerpt":{"rendered":"<p>[vc_row][vc_column width=&#8221;1\/1&#8243;][vc_single_image media=&#8221;304&#8243; media_poster=&#8221;yes&#8221; media_width_percent=&#8221;70&#8243; alignment=&#8221;center&#8221;][vc_column_text] Jet Grouting [\/vc_column_text][\/vc_column][\/vc_row][vc_row][vc_column width=&#8221;1\/2&#8243;][vc_column_text]DESCRIPTION DE LA TECHNOLOGIE La technique du jet grouting consiste \u00e0 [&hellip;]<\/p>\n","protected":false},"author":1,"featured_media":0,"parent":0,"menu_order":0,"comment_status":"closed","ping_status":"closed","template":"","meta":{"_exactmetrics_skip_tracking":false,"_exactmetrics_sitenote_active":false,"_exactmetrics_sitenote_note":"","_exactmetrics_sitenote_category":0,"footnotes":""},"class_list":["post-398","page","type-page","status-publish","hentry"],"yoast_head":"<!-- This site is optimized with the Yoast SEO plugin v26.2 - https:\/\/yoast.com\/wordpress\/plugins\/seo\/ -->\n<title>Jet Grouting - La consolidation de terrain et la fondations sp\u00e9ciales<\/title>\n<meta name=\"description\" content=\"La technique du jet grouting consiste \u00e0 injecter dans le sol, \u00e0 travers une ou plusieurs buses pos\u00e9es perpendiculairement sur une batterie de tiges...\" \/>\n<meta name=\"robots\" content=\"index, follow, max-snippet:-1, max-image-preview:large, max-video-preview:-1\" \/>\n<link rel=\"canonical\" href=\"https:\/\/www.ccpitaliana.it\/fr\/jet-grouting\/\" \/>\n<meta property=\"og:locale\" content=\"fr_FR\" \/>\n<meta property=\"og:type\" content=\"article\" \/>\n<meta property=\"og:title\" content=\"Jet Grouting - La consolidation de terrain et la fondations sp\u00e9ciales\" \/>\n<meta property=\"og:description\" content=\"La technique du jet grouting consiste \u00e0 injecter dans le sol, \u00e0 travers une ou plusieurs buses pos\u00e9es perpendiculairement sur une batterie de tiges, un stabilisateur de suspension (g\u00e9n\u00e9ralement de l\u2019eau et du ciment) \u00e0 tr\u00e8s haute pression, produisant une \u00ab rupture \u00bb momentan\u00e9e localis\u00e9e dans le sol environnant, qui est ensuite m\u00e9lang\u00e9 avec le m\u00e9lange lui-m\u00eame donnant lieu \u00e0 une \u00ab colonne \u00bb uniform\u00e9ment ciment\u00e9e.\" \/>\n<meta property=\"og:url\" content=\"https:\/\/www.ccpitaliana.it\/fr\/jet-grouting\/\" \/>\n<meta property=\"og:site_name\" content=\"CCP Italiana\" \/>\n<meta property=\"article:modified_time\" content=\"2017-03-27T09:19:06+00:00\" \/>\n<meta property=\"og:image\" content=\"http:\/\/www.ccpitaliana.it\/wp-content\/uploads\/2016\/10\/jet-grouting00005.jpg\" \/>\n<meta name=\"twitter:card\" content=\"summary_large_image\" \/>\n<meta name=\"twitter:title\" content=\"Jet Grouting - La consolidation de terrain et la fondations sp\u00e9ciales\" \/>\n<meta name=\"twitter:description\" content=\"La technique du jet grouting consiste \u00e0 injecter dans le sol, \u00e0 travers une ou plusieurs buses pos\u00e9es perpendiculairement sur une batterie de tiges, un stabilisateur de suspension (g\u00e9n\u00e9ralement de l\u2019eau et du ciment) \u00e0 tr\u00e8s haute pression, produisant une \u00ab rupture \u00bb momentan\u00e9e localis\u00e9e dans le sol environnant, qui est ensuite m\u00e9lang\u00e9 avec le m\u00e9lange lui-m\u00eame donnant lieu \u00e0 une \u00ab colonne \u00bb uniform\u00e9ment ciment\u00e9e.\" \/>\n<meta name=\"twitter:image\" content=\"http:\/\/www.ccpitaliana.it\/wp-content\/uploads\/2016\/10\/jet-grouting00005.jpg\" \/>\n<meta name=\"twitter:label1\" content=\"Est. reading time\" \/>\n\t<meta name=\"twitter:data1\" content=\"6 minutes\" \/>\n<script type=\"application\/ld+json\" class=\"yoast-schema-graph\">{\"@context\":\"https:\/\/schema.org\",\"@graph\":[{\"@type\":\"WebPage\",\"@id\":\"https:\/\/www.ccpitaliana.it\/fr\/jet-grouting\/\",\"url\":\"https:\/\/www.ccpitaliana.it\/fr\/jet-grouting\/\",\"name\":\"Jet Grouting - La consolidation de terrain et la fondations sp\u00e9ciales\",\"isPartOf\":{\"@id\":\"https:\/\/www.ccpitaliana.it\/#website\"},\"datePublished\":\"2016-10-20T11:06:02+00:00\",\"dateModified\":\"2017-03-27T09:19:06+00:00\",\"description\":\"La technique du jet grouting consiste \u00e0 injecter dans le sol, \u00e0 travers une ou plusieurs buses pos\u00e9es perpendiculairement sur une batterie de tiges...\",\"breadcrumb\":{\"@id\":\"https:\/\/www.ccpitaliana.it\/fr\/jet-grouting\/#breadcrumb\"},\"inLanguage\":\"fr-FR\",\"potentialAction\":[{\"@type\":\"ReadAction\",\"target\":[\"https:\/\/www.ccpitaliana.it\/fr\/jet-grouting\/\"]}]},{\"@type\":\"BreadcrumbList\",\"@id\":\"https:\/\/www.ccpitaliana.it\/fr\/jet-grouting\/#breadcrumb\",\"itemListElement\":[{\"@type\":\"ListItem\",\"position\":1,\"name\":\"Home\",\"item\":\"https:\/\/www.ccpitaliana.it\/fr\/\"},{\"@type\":\"ListItem\",\"position\":2,\"name\":\"Jet Grouting\"}]},{\"@type\":\"WebSite\",\"@id\":\"https:\/\/www.ccpitaliana.it\/#website\",\"url\":\"https:\/\/www.ccpitaliana.it\/\",\"name\":\"CCP Italiana\",\"description\":\"Jet Grouting\",\"publisher\":{\"@id\":\"https:\/\/www.ccpitaliana.it\/#organization\"},\"potentialAction\":[{\"@type\":\"SearchAction\",\"target\":{\"@type\":\"EntryPoint\",\"urlTemplate\":\"https:\/\/www.ccpitaliana.it\/?s={search_term_string}\"},\"query-input\":{\"@type\":\"PropertyValueSpecification\",\"valueRequired\":true,\"valueName\":\"search_term_string\"}}],\"inLanguage\":\"fr-FR\"},{\"@type\":\"Organization\",\"@id\":\"https:\/\/www.ccpitaliana.it\/#organization\",\"name\":\"CCP Italiana S.r.l.\",\"url\":\"https:\/\/www.ccpitaliana.it\/\",\"logo\":{\"@type\":\"ImageObject\",\"inLanguage\":\"fr-FR\",\"@id\":\"https:\/\/www.ccpitaliana.it\/#\/schema\/logo\/image\/\",\"url\":\"https:\/\/www.ccpitaliana.it\/wp-content\/uploads\/2016\/10\/ccp_italiana_logo.jpg\",\"contentUrl\":\"https:\/\/www.ccpitaliana.it\/wp-content\/uploads\/2016\/10\/ccp_italiana_logo.jpg\",\"width\":252,\"height\":260,\"caption\":\"CCP Italiana S.r.l.\"},\"image\":{\"@id\":\"https:\/\/www.ccpitaliana.it\/#\/schema\/logo\/image\/\"}}]}<\/script>\n<!-- \/ Yoast SEO plugin. -->","yoast_head_json":{"title":"Jet Grouting - La consolidation de terrain et la fondations sp\u00e9ciales","description":"La technique du jet grouting consiste \u00e0 injecter dans le sol, \u00e0 travers une ou plusieurs buses pos\u00e9es perpendiculairement sur une batterie de tiges...","robots":{"index":"index","follow":"follow","max-snippet":"max-snippet:-1","max-image-preview":"max-image-preview:large","max-video-preview":"max-video-preview:-1"},"canonical":"https:\/\/www.ccpitaliana.it\/fr\/jet-grouting\/","og_locale":"fr_FR","og_type":"article","og_title":"Jet Grouting - La consolidation de terrain et la fondations sp\u00e9ciales","og_description":"La technique du jet grouting consiste \u00e0 injecter dans le sol, \u00e0 travers une ou plusieurs buses pos\u00e9es perpendiculairement sur une batterie de tiges, un stabilisateur de suspension (g\u00e9n\u00e9ralement de l\u2019eau et du ciment) \u00e0 tr\u00e8s haute pression, produisant une \u00ab rupture \u00bb momentan\u00e9e localis\u00e9e dans le sol environnant, qui est ensuite m\u00e9lang\u00e9 avec le m\u00e9lange lui-m\u00eame donnant lieu \u00e0 une \u00ab colonne \u00bb uniform\u00e9ment ciment\u00e9e.","og_url":"https:\/\/www.ccpitaliana.it\/fr\/jet-grouting\/","og_site_name":"CCP Italiana","article_modified_time":"2017-03-27T09:19:06+00:00","og_image":[{"url":"http:\/\/www.ccpitaliana.it\/wp-content\/uploads\/2016\/10\/jet-grouting00005.jpg","type":"","width":"","height":""}],"twitter_card":"summary_large_image","twitter_title":"Jet Grouting - La consolidation de terrain et la fondations sp\u00e9ciales","twitter_description":"La technique du jet grouting consiste \u00e0 injecter dans le sol, \u00e0 travers une ou plusieurs buses pos\u00e9es perpendiculairement sur une batterie de tiges, un stabilisateur de suspension (g\u00e9n\u00e9ralement de l\u2019eau et du ciment) \u00e0 tr\u00e8s haute pression, produisant une \u00ab rupture \u00bb momentan\u00e9e localis\u00e9e dans le sol environnant, qui est ensuite m\u00e9lang\u00e9 avec le m\u00e9lange lui-m\u00eame donnant lieu \u00e0 une \u00ab colonne \u00bb uniform\u00e9ment ciment\u00e9e.","twitter_image":"http:\/\/www.ccpitaliana.it\/wp-content\/uploads\/2016\/10\/jet-grouting00005.jpg","twitter_misc":{"Est. reading time":"6 minutes"},"schema":{"@context":"https:\/\/schema.org","@graph":[{"@type":"WebPage","@id":"https:\/\/www.ccpitaliana.it\/fr\/jet-grouting\/","url":"https:\/\/www.ccpitaliana.it\/fr\/jet-grouting\/","name":"Jet Grouting - La consolidation de terrain et la fondations sp\u00e9ciales","isPartOf":{"@id":"https:\/\/www.ccpitaliana.it\/#website"},"datePublished":"2016-10-20T11:06:02+00:00","dateModified":"2017-03-27T09:19:06+00:00","description":"La technique du jet grouting consiste \u00e0 injecter dans le sol, \u00e0 travers une ou plusieurs buses pos\u00e9es perpendiculairement sur une batterie de tiges...","breadcrumb":{"@id":"https:\/\/www.ccpitaliana.it\/fr\/jet-grouting\/#breadcrumb"},"inLanguage":"fr-FR","potentialAction":[{"@type":"ReadAction","target":["https:\/\/www.ccpitaliana.it\/fr\/jet-grouting\/"]}]},{"@type":"BreadcrumbList","@id":"https:\/\/www.ccpitaliana.it\/fr\/jet-grouting\/#breadcrumb","itemListElement":[{"@type":"ListItem","position":1,"name":"Home","item":"https:\/\/www.ccpitaliana.it\/fr\/"},{"@type":"ListItem","position":2,"name":"Jet Grouting"}]},{"@type":"WebSite","@id":"https:\/\/www.ccpitaliana.it\/#website","url":"https:\/\/www.ccpitaliana.it\/","name":"CCP Italiana","description":"Jet Grouting","publisher":{"@id":"https:\/\/www.ccpitaliana.it\/#organization"},"potentialAction":[{"@type":"SearchAction","target":{"@type":"EntryPoint","urlTemplate":"https:\/\/www.ccpitaliana.it\/?s={search_term_string}"},"query-input":{"@type":"PropertyValueSpecification","valueRequired":true,"valueName":"search_term_string"}}],"inLanguage":"fr-FR"},{"@type":"Organization","@id":"https:\/\/www.ccpitaliana.it\/#organization","name":"CCP Italiana S.r.l.","url":"https:\/\/www.ccpitaliana.it\/","logo":{"@type":"ImageObject","inLanguage":"fr-FR","@id":"https:\/\/www.ccpitaliana.it\/#\/schema\/logo\/image\/","url":"https:\/\/www.ccpitaliana.it\/wp-content\/uploads\/2016\/10\/ccp_italiana_logo.jpg","contentUrl":"https:\/\/www.ccpitaliana.it\/wp-content\/uploads\/2016\/10\/ccp_italiana_logo.jpg","width":252,"height":260,"caption":"CCP Italiana S.r.l."},"image":{"@id":"https:\/\/www.ccpitaliana.it\/#\/schema\/logo\/image\/"}}]}},"_links":{"self":[{"href":"https:\/\/www.ccpitaliana.it\/fr\/wp-json\/wp\/v2\/pages\/398","targetHints":{"allow":["GET"]}}],"collection":[{"href":"https:\/\/www.ccpitaliana.it\/fr\/wp-json\/wp\/v2\/pages"}],"about":[{"href":"https:\/\/www.ccpitaliana.it\/fr\/wp-json\/wp\/v2\/types\/page"}],"author":[{"embeddable":true,"href":"https:\/\/www.ccpitaliana.it\/fr\/wp-json\/wp\/v2\/users\/1"}],"replies":[{"embeddable":true,"href":"https:\/\/www.ccpitaliana.it\/fr\/wp-json\/wp\/v2\/comments?post=398"}],"version-history":[{"count":1,"href":"https:\/\/www.ccpitaliana.it\/fr\/wp-json\/wp\/v2\/pages\/398\/revisions"}],"predecessor-version":[{"id":400,"href":"https:\/\/www.ccpitaliana.it\/fr\/wp-json\/wp\/v2\/pages\/398\/revisions\/400"}],"wp:attachment":[{"href":"https:\/\/www.ccpitaliana.it\/fr\/wp-json\/wp\/v2\/media?parent=398"}],"curies":[{"name":"wp","href":"https:\/\/api.w.org\/{rel}","templated":true}]}}