{"id":401,"date":"2016-10-21T10:04:12","date_gmt":"2016-10-21T08:04:12","guid":{"rendered":"https:\/\/www.ccpitaliana.it\/compaction-grouting\/?lang=fr"},"modified":"2017-03-27T11:23:58","modified_gmt":"2017-03-27T09:23:58","slug":"compaction-grouting","status":"publish","type":"page","link":"https:\/\/www.ccpitaliana.it\/fr\/compaction-grouting\/","title":{"rendered":"Compaction grouting"},"content":{"rendered":"<p>[vc_row][vc_column width=&#8221;1\/1&#8243;][vc_single_image media=&#8221;138&#8243; media_poster=&#8221;yes&#8221; media_width_percent=&#8221;60&#8243; alignment=&#8221;center&#8221;][vc_column_text]<\/p>\n<h1 style=\"text-align: center;\">Compaction grouting<\/h1>\n<p>[\/vc_column_text][\/vc_column][\/vc_row][vc_row][vc_column width=&#8221;1\/1&#8243;][vc_column_text]<strong><u>DESCRIPTION DE LA TECHNOLOGIE<\/u><\/strong><\/p>\n<p>La technologie d\u2019injection de m\u00e9langes de compositions diverses, principalement \u00e0 base de ciment a pour but d\u2019am\u00e9liorer ou de modifier les propri\u00e9t\u00e9s m\u00e9caniques telles que la r\u00e9sistance et la d\u00e9formation ainsi que les propri\u00e9t\u00e9s hydrauliques (perm\u00e9abilit\u00e9) des sols, ou convient pour le remplissage des cavit\u00e9s existant dans la nature.<\/p>\n<p>Il s\u2019agit en tout cas d\u2019injections \u00e0 basse pression qui peuvent \u00eatre effectu\u00e9es\u00a0:<\/p>\n<p>&#8211; par le biais de tiges \u00e0 manchettes, c\u2019est-\u00e0-dire de tubes valve apr\u00e8s avoir for\u00e9 dans le sol, qui sont inject\u00e9s au cas par cas et de fa\u00e7on r\u00e9p\u00e9titive\u00a0;<\/p>\n<p>\u2013 par le biais du compactage du sol (COMPACTION GROUTING) en cr\u00e9ant un bulbe de m\u00e9lange tr\u00e8s visqueux au frottement interne \u00e9lev\u00e9 afin de cr\u00e9er dans le sol un effet de densification par compactage des particules.<\/p>\n<p>Le compaction grouting est r\u00e9alis\u00e9 par forage dans le sol et par extraction ult\u00e9rieure, par \u00e9tapes successives, avec injection simultan\u00e9e du m\u00e9lange.<\/p>\n<p>Le compaction grouting convient aux sols d\u00e9formables (sables limoneux, sables limoneux-argileux, limons sableux, limons argileux) en nappes comme dans le cas de la liqu\u00e9faction des sables par des tremblements de terre.della miscela.<br \/>\nI terreni adatti per il <strong>compaction grouting<\/strong> sono quelli deformabili ( sabbie limose, sabbie limo-argillose, limi sabbiosi, limi argillosi) in falda come nel caso della liquefazione delle sabbia da eventi sismici.[\/vc_column_text][\/vc_column][\/vc_row][vc_row][vc_column width=&#8221;1\/1&#8243;][vc_gallery el_id=&#8221;gallery-139086&#8243; medias=&#8221;136,139,137&#8243; gutter_size=&#8221;3&#8243; screen_lg=&#8221;1000&#8243; screen_md=&#8221;600&#8243; screen_sm=&#8221;480&#8243; images_size=&#8221;four-three&#8221; single_overlay_opacity=&#8221;50&#8243; single_padding=&#8221;2&#8243;][\/vc_column][\/vc_row]<\/p>\n","protected":false},"excerpt":{"rendered":"<p>[vc_row][vc_column width=&#8221;1\/1&#8243;][vc_single_image media=&#8221;138&#8243; media_poster=&#8221;yes&#8221; media_width_percent=&#8221;60&#8243; alignment=&#8221;center&#8221;][vc_column_text] Compaction grouting [\/vc_column_text][\/vc_column][\/vc_row][vc_row][vc_column width=&#8221;1\/1&#8243;][vc_column_text]DESCRIPTION DE LA TECHNOLOGIE La technologie d\u2019injection de m\u00e9langes de compositions [&hellip;]<\/p>\n","protected":false},"author":1,"featured_media":0,"parent":0,"menu_order":0,"comment_status":"closed","ping_status":"closed","template":"","meta":{"_exactmetrics_skip_tracking":false,"_exactmetrics_sitenote_active":false,"_exactmetrics_sitenote_note":"","_exactmetrics_sitenote_category":0,"footnotes":""},"class_list":["post-401","page","type-page","status-publish","hentry"],"yoast_head":"<!-- This site is optimized with the Yoast SEO plugin v26.2 - https:\/\/yoast.com\/wordpress\/plugins\/seo\/ -->\n<title>Compaction grouting \/ Compensation grouting<\/title>\n<meta name=\"description\" content=\"La technologie d\u2019injection de m\u00e9langes de compositions diverses, principalement \u00e0 base de ciment a pour but d\u2019am\u00e9liorer ou de modifier les propri\u00e9t\u00e9s m\u00e9caniques...\" \/>\n<meta name=\"robots\" content=\"index, follow, max-snippet:-1, max-image-preview:large, max-video-preview:-1\" \/>\n<link rel=\"canonical\" href=\"https:\/\/www.ccpitaliana.it\/fr\/compaction-grouting\/\" \/>\n<meta property=\"og:locale\" content=\"fr_FR\" \/>\n<meta property=\"og:type\" content=\"article\" \/>\n<meta property=\"og:title\" content=\"Compaction grouting \/ Compensation grouting - CCP Italiana\" \/>\n<meta property=\"og:description\" content=\"La technologie d\u2019injection de m\u00e9langes de compositions diverses, principalement \u00e0 base de ciment a pour but d\u2019am\u00e9liorer ou de modifier les propri\u00e9t\u00e9s m\u00e9caniques...\" \/>\n<meta property=\"og:url\" content=\"https:\/\/www.ccpitaliana.it\/fr\/compaction-grouting\/\" \/>\n<meta property=\"og:site_name\" content=\"CCP Italiana\" \/>\n<meta property=\"article:modified_time\" content=\"2017-03-27T09:23:58+00:00\" \/>\n<meta property=\"og:image\" content=\"http:\/\/www.ccpitaliana.it\/wp-content\/uploads\/2016\/10\/iniezioni002-1.jpg\" \/>\n<meta name=\"twitter:card\" content=\"summary_large_image\" \/>\n<meta name=\"twitter:title\" content=\"Compaction grouting \/ Compensation grouting - CCP Italiana\" \/>\n<meta name=\"twitter:description\" content=\"La technologie d\u2019injection de m\u00e9langes de compositions diverses, principalement \u00e0 base de ciment a pour but d\u2019am\u00e9liorer ou de modifier les propri\u00e9t\u00e9s m\u00e9caniques...\" \/>\n<meta name=\"twitter:image\" content=\"http:\/\/www.ccpitaliana.it\/wp-content\/uploads\/2016\/10\/iniezioni002-1.jpg\" \/>\n<meta name=\"twitter:label1\" content=\"Est. reading time\" \/>\n\t<meta name=\"twitter:data1\" content=\"2 minutes\" \/>\n<script type=\"application\/ld+json\" class=\"yoast-schema-graph\">{\"@context\":\"https:\/\/schema.org\",\"@graph\":[{\"@type\":\"WebPage\",\"@id\":\"https:\/\/www.ccpitaliana.it\/fr\/compaction-grouting\/\",\"url\":\"https:\/\/www.ccpitaliana.it\/fr\/compaction-grouting\/\",\"name\":\"Compaction grouting \/ Compensation grouting\",\"isPartOf\":{\"@id\":\"https:\/\/www.ccpitaliana.it\/#website\"},\"datePublished\":\"2016-10-21T08:04:12+00:00\",\"dateModified\":\"2017-03-27T09:23:58+00:00\",\"description\":\"La technologie d\u2019injection de m\u00e9langes de compositions diverses, principalement \u00e0 base de ciment a pour but d\u2019am\u00e9liorer ou de modifier les propri\u00e9t\u00e9s m\u00e9caniques...\",\"breadcrumb\":{\"@id\":\"https:\/\/www.ccpitaliana.it\/fr\/compaction-grouting\/#breadcrumb\"},\"inLanguage\":\"fr-FR\",\"potentialAction\":[{\"@type\":\"ReadAction\",\"target\":[\"https:\/\/www.ccpitaliana.it\/fr\/compaction-grouting\/\"]}]},{\"@type\":\"BreadcrumbList\",\"@id\":\"https:\/\/www.ccpitaliana.it\/fr\/compaction-grouting\/#breadcrumb\",\"itemListElement\":[{\"@type\":\"ListItem\",\"position\":1,\"name\":\"Home\",\"item\":\"https:\/\/www.ccpitaliana.it\/fr\/\"},{\"@type\":\"ListItem\",\"position\":2,\"name\":\"Compaction grouting\"}]},{\"@type\":\"WebSite\",\"@id\":\"https:\/\/www.ccpitaliana.it\/#website\",\"url\":\"https:\/\/www.ccpitaliana.it\/\",\"name\":\"CCP Italiana\",\"description\":\"Jet Grouting\",\"publisher\":{\"@id\":\"https:\/\/www.ccpitaliana.it\/#organization\"},\"potentialAction\":[{\"@type\":\"SearchAction\",\"target\":{\"@type\":\"EntryPoint\",\"urlTemplate\":\"https:\/\/www.ccpitaliana.it\/?s={search_term_string}\"},\"query-input\":{\"@type\":\"PropertyValueSpecification\",\"valueRequired\":true,\"valueName\":\"search_term_string\"}}],\"inLanguage\":\"fr-FR\"},{\"@type\":\"Organization\",\"@id\":\"https:\/\/www.ccpitaliana.it\/#organization\",\"name\":\"CCP Italiana S.r.l.\",\"url\":\"https:\/\/www.ccpitaliana.it\/\",\"logo\":{\"@type\":\"ImageObject\",\"inLanguage\":\"fr-FR\",\"@id\":\"https:\/\/www.ccpitaliana.it\/#\/schema\/logo\/image\/\",\"url\":\"https:\/\/www.ccpitaliana.it\/wp-content\/uploads\/2016\/10\/ccp_italiana_logo.jpg\",\"contentUrl\":\"https:\/\/www.ccpitaliana.it\/wp-content\/uploads\/2016\/10\/ccp_italiana_logo.jpg\",\"width\":252,\"height\":260,\"caption\":\"CCP Italiana S.r.l.\"},\"image\":{\"@id\":\"https:\/\/www.ccpitaliana.it\/#\/schema\/logo\/image\/\"}}]}<\/script>\n<!-- \/ Yoast SEO plugin. -->","yoast_head_json":{"title":"Compaction grouting \/ Compensation grouting","description":"La technologie d\u2019injection de m\u00e9langes de compositions diverses, principalement \u00e0 base de ciment a pour but d\u2019am\u00e9liorer ou de modifier les propri\u00e9t\u00e9s m\u00e9caniques...","robots":{"index":"index","follow":"follow","max-snippet":"max-snippet:-1","max-image-preview":"max-image-preview:large","max-video-preview":"max-video-preview:-1"},"canonical":"https:\/\/www.ccpitaliana.it\/fr\/compaction-grouting\/","og_locale":"fr_FR","og_type":"article","og_title":"Compaction grouting \/ Compensation grouting - CCP Italiana","og_description":"La technologie d\u2019injection de m\u00e9langes de compositions diverses, principalement \u00e0 base de ciment a pour but d\u2019am\u00e9liorer ou de modifier les propri\u00e9t\u00e9s m\u00e9caniques...","og_url":"https:\/\/www.ccpitaliana.it\/fr\/compaction-grouting\/","og_site_name":"CCP Italiana","article_modified_time":"2017-03-27T09:23:58+00:00","og_image":[{"url":"http:\/\/www.ccpitaliana.it\/wp-content\/uploads\/2016\/10\/iniezioni002-1.jpg","type":"","width":"","height":""}],"twitter_card":"summary_large_image","twitter_title":"Compaction grouting \/ Compensation grouting - CCP Italiana","twitter_description":"La technologie d\u2019injection de m\u00e9langes de compositions diverses, principalement \u00e0 base de ciment a pour but d\u2019am\u00e9liorer ou de modifier les propri\u00e9t\u00e9s m\u00e9caniques...","twitter_image":"http:\/\/www.ccpitaliana.it\/wp-content\/uploads\/2016\/10\/iniezioni002-1.jpg","twitter_misc":{"Est. reading time":"2 minutes"},"schema":{"@context":"https:\/\/schema.org","@graph":[{"@type":"WebPage","@id":"https:\/\/www.ccpitaliana.it\/fr\/compaction-grouting\/","url":"https:\/\/www.ccpitaliana.it\/fr\/compaction-grouting\/","name":"Compaction grouting \/ Compensation grouting","isPartOf":{"@id":"https:\/\/www.ccpitaliana.it\/#website"},"datePublished":"2016-10-21T08:04:12+00:00","dateModified":"2017-03-27T09:23:58+00:00","description":"La technologie d\u2019injection de m\u00e9langes de compositions diverses, principalement \u00e0 base de ciment a pour but d\u2019am\u00e9liorer ou de modifier les propri\u00e9t\u00e9s m\u00e9caniques...","breadcrumb":{"@id":"https:\/\/www.ccpitaliana.it\/fr\/compaction-grouting\/#breadcrumb"},"inLanguage":"fr-FR","potentialAction":[{"@type":"ReadAction","target":["https:\/\/www.ccpitaliana.it\/fr\/compaction-grouting\/"]}]},{"@type":"BreadcrumbList","@id":"https:\/\/www.ccpitaliana.it\/fr\/compaction-grouting\/#breadcrumb","itemListElement":[{"@type":"ListItem","position":1,"name":"Home","item":"https:\/\/www.ccpitaliana.it\/fr\/"},{"@type":"ListItem","position":2,"name":"Compaction grouting"}]},{"@type":"WebSite","@id":"https:\/\/www.ccpitaliana.it\/#website","url":"https:\/\/www.ccpitaliana.it\/","name":"CCP Italiana","description":"Jet Grouting","publisher":{"@id":"https:\/\/www.ccpitaliana.it\/#organization"},"potentialAction":[{"@type":"SearchAction","target":{"@type":"EntryPoint","urlTemplate":"https:\/\/www.ccpitaliana.it\/?s={search_term_string}"},"query-input":{"@type":"PropertyValueSpecification","valueRequired":true,"valueName":"search_term_string"}}],"inLanguage":"fr-FR"},{"@type":"Organization","@id":"https:\/\/www.ccpitaliana.it\/#organization","name":"CCP Italiana S.r.l.","url":"https:\/\/www.ccpitaliana.it\/","logo":{"@type":"ImageObject","inLanguage":"fr-FR","@id":"https:\/\/www.ccpitaliana.it\/#\/schema\/logo\/image\/","url":"https:\/\/www.ccpitaliana.it\/wp-content\/uploads\/2016\/10\/ccp_italiana_logo.jpg","contentUrl":"https:\/\/www.ccpitaliana.it\/wp-content\/uploads\/2016\/10\/ccp_italiana_logo.jpg","width":252,"height":260,"caption":"CCP Italiana S.r.l."},"image":{"@id":"https:\/\/www.ccpitaliana.it\/#\/schema\/logo\/image\/"}}]}},"_links":{"self":[{"href":"https:\/\/www.ccpitaliana.it\/fr\/wp-json\/wp\/v2\/pages\/401","targetHints":{"allow":["GET"]}}],"collection":[{"href":"https:\/\/www.ccpitaliana.it\/fr\/wp-json\/wp\/v2\/pages"}],"about":[{"href":"https:\/\/www.ccpitaliana.it\/fr\/wp-json\/wp\/v2\/types\/page"}],"author":[{"embeddable":true,"href":"https:\/\/www.ccpitaliana.it\/fr\/wp-json\/wp\/v2\/users\/1"}],"replies":[{"embeddable":true,"href":"https:\/\/www.ccpitaliana.it\/fr\/wp-json\/wp\/v2\/comments?post=401"}],"version-history":[{"count":1,"href":"https:\/\/www.ccpitaliana.it\/fr\/wp-json\/wp\/v2\/pages\/401\/revisions"}],"predecessor-version":[{"id":402,"href":"https:\/\/www.ccpitaliana.it\/fr\/wp-json\/wp\/v2\/pages\/401\/revisions\/402"}],"wp:attachment":[{"href":"https:\/\/www.ccpitaliana.it\/fr\/wp-json\/wp\/v2\/media?parent=401"}],"curies":[{"name":"wp","href":"https:\/\/api.w.org\/{rel}","templated":true}]}}