{"id":403,"date":"2016-10-21T10:14:19","date_gmt":"2016-10-21T08:14:19","guid":{"rendered":"https:\/\/www.ccpitaliana.it\/micropali\/?lang=fr"},"modified":"2017-03-27T11:25:55","modified_gmt":"2017-03-27T09:25:55","slug":"micropieux","status":"publish","type":"page","link":"https:\/\/www.ccpitaliana.it\/fr\/micropieux\/","title":{"rendered":"Micropieux"},"content":{"rendered":"<p>[vc_row][vc_column width=&#8221;1\/1&#8243;][vc_single_image media=&#8221;85&#8243; media_poster=&#8221;yes&#8221; media_width_percent=&#8221;50&#8243; alignment=&#8221;center&#8221;][vc_column_text]<\/p>\n<h1 style=\"text-align: center;\">MICRO-PIEUX<\/h1>\n<p>[\/vc_column_text][\/vc_column][\/vc_row][vc_row][vc_column width=&#8221;1\/2&#8243;][vc_column_text]<strong><u>DESCRIPTION DE LA TECHNOLOGIE<\/u><\/strong><\/p>\n<p>Les <strong>micropieux<\/strong> pour fondations d\u2019ouvrages de g\u00e9nie civil sont utilis\u00e9s comme structures portantes, structures de fondation ou comme \u00e9tais dans les ouvrages de consolidation des versants.<\/p>\n<p>Les techniques de forage et d\u2019injection pour le fa\u00e7onnage de micropieux doivent \u00eatre les plus appropri\u00e9es \u00e0 la nature du sol \u00e0 traverser.<br \/>\nEn particulier, toutes les mesures n\u00e9cessaires devraient \u00eatre prises pour emp\u00eacher le glissement des parois du trou, la contamination des armatures et l\u2019interruption et\/ou l\u2019incorporation des terres dans le fourreau de ciment qui unit l\u2019armature au sol environnant.<\/p>\n<p>En r\u00e8gle g\u00e9n\u00e9rale, les forages sont effectu\u00e9s comme suit\u00a0:<\/p>\n<p>&#8211; <strong>micropieux \u00e0 roto-percussion<\/strong> avec un marteau fond-de-trou et avec circulation de l\u2019air comprim\u00e9\u00a0;<\/p>\n<p>&#8211; <strong>micropieux perfor\u00e9s ou micropieux \u00e0 rotation<\/strong> \u00e0 l\u2019aide de batteries de tiges h\u00e9lico\u00efdales ou d\u2019un outil de forage adapt\u00e9.<br \/>\nLes \u00e9quipements n\u00e9cessaires \u00e0 la r\u00e9alisation de micropieux sont essentiellement les suivants\u00a0:<br \/>\n&#8211; sonde foreuse sur chenilles pour op\u00e9rations de forage\u00a0;<\/p>\n<p>&#8211; dans le cas de forage \u00e0 roto-percussion\u00a0: batterie de tiges de diam\u00e8tre<br \/>\nidentique au diam\u00e8tre du trou pr\u00e9vu et portant \u00e0 son extr\u00e9mit\u00e9 inf\u00e9rieure l\u2019outil de forage (marteau fond-de-trou)\u00a0;<\/p>\n<p>\u2013 dans le cas de forage \u00e0 rotation\u00a0: batterie h\u00e9lices dont le diam\u00e8tre int\u00e9rieur est identique au diam\u00e8tre du trou pr\u00e9vu\u00a0;<\/p>\n<p>&#8211; centrale de conditionnement du m\u00e9lange de ciment constitu\u00e9e de silos horizontaux ou verticaux\u00a0; r\u00e9servoir de stockage d\u2019eau\u00a0; m\u00e9langeur \u00e0 haute vitesse\u00a0; agitateur\u00a0; injecteurs pour le pompage de la suspension de ciment depuis l\u2019installation vers la sonde foreuse.[\/vc_column_text][\/vc_column][vc_column width=&#8221;1\/2&#8243;][vc_column_text]<strong><u>SCH\u00c9MA OP\u00c9RATIONNEL<\/u><\/strong><\/p>\n<p>La r\u00e9alisation d\u2019un micropieu comprend les phases d\u2019ex\u00e9cution suivantes\u00a0:<\/p>\n<p><u><strong>PHASE 1<\/strong> Positionnement de la sonde foreuse et d\u00e9but de forage<br \/>\nLa sonde de forage est d\u00e9plac\u00e9e par l\u2019op\u00e9rateur afin d\u2019aligner l\u2019axe des tiges de forage sur le piquet.<\/u><\/p>\n<p>Une fois la sonde en place, l\u2019op\u00e9rateur d\u00e9place le m\u00e2t de la sonde de mani\u00e8re \u00e0 atteindre l\u2019angle requis par le projet.<\/p>\n<p>Le forage consiste \u00e0 ins\u00e9rer dans le sol une batterie de tiges ou de \u00e0 rotation ou \u00e0 roto-percussion selon le type et les caract\u00e9ristiques du sol \u00e0 traverser.<\/p>\n<p><u><strong>PHASE 2<\/strong> CONFEZIONAMENTO DELLA SOSPENSIONE CEMENTIZIA<\/u><\/p>\n<p>Avant de proc\u00e9der \u00e0 la phase d\u2019injection, il est n\u00e9cessaire de conditionner le m\u00e9lange de ciment compos\u00e9 d\u2019eau, de ciment et d\u2019additifs, le cas \u00e9ch\u00e9ant.<\/p>\n<p>Le m\u00e9lange de ciment est pr\u00e9par\u00e9 et conditionn\u00e9 dans la centrale d\u2019injection et de conditionnement avec la composition requise selon les sp\u00e9cifications du cahier des charges.<\/p>\n<p><u><strong>PHASE 3<\/strong> CONDITIONNEMENT DE LA SUSPENSION DE CIMENT<\/u><\/p>\n<p>Une fois le forage termin\u00e9, il est n\u00e9cessaire d\u2019enlever tous les d\u00e9bris qui se trouvent dans le trou, puis d\u2019ins\u00e9rer dans le trou l\u2019armature tubulaire m\u00e9tallique, qui doit \u00eatre conforme aux plans de conception.<\/p>\n<p>L\u2019armature des micropieux peut \u00eatre compos\u00e9e de tubes, de poutres, etc.<\/p>\n<p><u><strong>PHASE 4<\/strong> INJECTION<\/u><\/p>\n<p>La fixation de l\u2019armature au sol sera ex\u00e9cut\u00e9e \u00e0 l\u2019aide du m\u00e9lange de ciment selon le type de remplissage choisi, qui peut \u00eatre \u00e0 gravit\u00e9, \u00e0 basse pression avec obturateur sur le haut ou \u00e0 haute pression \u00e0 travers les valves dispos\u00e9es \u00e0 intervalles r\u00e9guliers sur les tubes d\u2019armature.[\/vc_column_text][\/vc_column][\/vc_row][vc_row][vc_column width=&#8221;1\/1&#8243;][vc_gallery el_id=&#8221;gallery-139086&#8243; medias=&#8221;102,103,96,95,97,115,114,100,98,94,92,91,90,82,93&#8243; gutter_size=&#8221;3&#8243; screen_lg=&#8221;1000&#8243; screen_md=&#8221;600&#8243; screen_sm=&#8221;480&#8243; images_size=&#8221;four-three&#8221; single_overlay_opacity=&#8221;50&#8243; single_padding=&#8221;2&#8243;][\/vc_column][\/vc_row]<\/p>\n","protected":false},"excerpt":{"rendered":"<p>[vc_row][vc_column width=&#8221;1\/1&#8243;][vc_single_image media=&#8221;85&#8243; media_poster=&#8221;yes&#8221; media_width_percent=&#8221;50&#8243; alignment=&#8221;center&#8221;][vc_column_text] MICRO-PIEUX [\/vc_column_text][\/vc_column][\/vc_row][vc_row][vc_column width=&#8221;1\/2&#8243;][vc_column_text]DESCRIPTION DE LA TECHNOLOGIE Les micropieux pour fondations d\u2019ouvrages de g\u00e9nie civil [&hellip;]<\/p>\n","protected":false},"author":1,"featured_media":0,"parent":0,"menu_order":0,"comment_status":"closed","ping_status":"closed","template":"","meta":{"_exactmetrics_skip_tracking":false,"_exactmetrics_sitenote_active":false,"_exactmetrics_sitenote_note":"","_exactmetrics_sitenote_category":0,"footnotes":""},"class_list":["post-403","page","type-page","status-publish","hentry"],"yoast_head":"<!-- This site is optimized with the Yoast SEO plugin v26.2 - https:\/\/yoast.com\/wordpress\/plugins\/seo\/ -->\n<title>Les micropieux pour fondations<\/title>\n<meta name=\"description\" content=\"Les techniques de forage et d\u2019injection pour le fa\u00e7onnage de micropieux doivent \u00eatre les plus appropri\u00e9es \u00e0 la nature du sol \u00e0 traverser.\" \/>\n<meta name=\"robots\" content=\"index, follow, max-snippet:-1, max-image-preview:large, max-video-preview:-1\" \/>\n<link rel=\"canonical\" href=\"https:\/\/www.ccpitaliana.it\/fr\/micropieux\/\" \/>\n<meta property=\"og:locale\" content=\"fr_FR\" \/>\n<meta property=\"og:type\" content=\"article\" \/>\n<meta property=\"og:title\" content=\"Micropieux - CCP Italiana\" \/>\n<meta property=\"og:description\" content=\"Les techniques de forage et d\u2019injection pour le fa\u00e7onnage de micropieux doivent \u00eatre les plus appropri\u00e9es \u00e0 la nature du sol \u00e0 traverser.\" \/>\n<meta property=\"og:url\" content=\"https:\/\/www.ccpitaliana.it\/fr\/micropieux\/\" \/>\n<meta property=\"og:site_name\" content=\"CCP Italiana\" \/>\n<meta property=\"article:modified_time\" content=\"2017-03-27T09:25:55+00:00\" \/>\n<meta property=\"og:image\" content=\"http:\/\/www.ccpitaliana.it\/wp-content\/uploads\/2016\/10\/micropali-4-1.jpg\" \/>\n<meta name=\"twitter:card\" content=\"summary_large_image\" \/>\n<meta name=\"twitter:title\" content=\"Micropieux - CCP Italiana\" \/>\n<meta name=\"twitter:description\" content=\"Les techniques de forage et d\u2019injection pour le fa\u00e7onnage de micropieux doivent \u00eatre les plus appropri\u00e9es \u00e0 la nature du sol \u00e0 traverser.\" \/>\n<meta name=\"twitter:image\" content=\"http:\/\/www.ccpitaliana.it\/wp-content\/uploads\/2016\/10\/micropali-4-1.jpg\" \/>\n<meta name=\"twitter:label1\" content=\"Est. reading time\" \/>\n\t<meta name=\"twitter:data1\" content=\"3 minutes\" \/>\n<script type=\"application\/ld+json\" class=\"yoast-schema-graph\">{\"@context\":\"https:\/\/schema.org\",\"@graph\":[{\"@type\":\"WebPage\",\"@id\":\"https:\/\/www.ccpitaliana.it\/fr\/micropieux\/\",\"url\":\"https:\/\/www.ccpitaliana.it\/fr\/micropieux\/\",\"name\":\"Les micropieux pour fondations\",\"isPartOf\":{\"@id\":\"https:\/\/www.ccpitaliana.it\/#website\"},\"datePublished\":\"2016-10-21T08:14:19+00:00\",\"dateModified\":\"2017-03-27T09:25:55+00:00\",\"description\":\"Les techniques de forage et d\u2019injection pour le fa\u00e7onnage de micropieux doivent \u00eatre les plus appropri\u00e9es \u00e0 la nature du sol \u00e0 traverser.\",\"breadcrumb\":{\"@id\":\"https:\/\/www.ccpitaliana.it\/fr\/micropieux\/#breadcrumb\"},\"inLanguage\":\"fr-FR\",\"potentialAction\":[{\"@type\":\"ReadAction\",\"target\":[\"https:\/\/www.ccpitaliana.it\/fr\/micropieux\/\"]}]},{\"@type\":\"BreadcrumbList\",\"@id\":\"https:\/\/www.ccpitaliana.it\/fr\/micropieux\/#breadcrumb\",\"itemListElement\":[{\"@type\":\"ListItem\",\"position\":1,\"name\":\"Home\",\"item\":\"https:\/\/www.ccpitaliana.it\/fr\/\"},{\"@type\":\"ListItem\",\"position\":2,\"name\":\"Micropieux\"}]},{\"@type\":\"WebSite\",\"@id\":\"https:\/\/www.ccpitaliana.it\/#website\",\"url\":\"https:\/\/www.ccpitaliana.it\/\",\"name\":\"CCP Italiana\",\"description\":\"Jet Grouting\",\"publisher\":{\"@id\":\"https:\/\/www.ccpitaliana.it\/#organization\"},\"potentialAction\":[{\"@type\":\"SearchAction\",\"target\":{\"@type\":\"EntryPoint\",\"urlTemplate\":\"https:\/\/www.ccpitaliana.it\/?s={search_term_string}\"},\"query-input\":{\"@type\":\"PropertyValueSpecification\",\"valueRequired\":true,\"valueName\":\"search_term_string\"}}],\"inLanguage\":\"fr-FR\"},{\"@type\":\"Organization\",\"@id\":\"https:\/\/www.ccpitaliana.it\/#organization\",\"name\":\"CCP Italiana S.r.l.\",\"url\":\"https:\/\/www.ccpitaliana.it\/\",\"logo\":{\"@type\":\"ImageObject\",\"inLanguage\":\"fr-FR\",\"@id\":\"https:\/\/www.ccpitaliana.it\/#\/schema\/logo\/image\/\",\"url\":\"https:\/\/www.ccpitaliana.it\/wp-content\/uploads\/2016\/10\/ccp_italiana_logo.jpg\",\"contentUrl\":\"https:\/\/www.ccpitaliana.it\/wp-content\/uploads\/2016\/10\/ccp_italiana_logo.jpg\",\"width\":252,\"height\":260,\"caption\":\"CCP Italiana S.r.l.\"},\"image\":{\"@id\":\"https:\/\/www.ccpitaliana.it\/#\/schema\/logo\/image\/\"}}]}<\/script>\n<!-- \/ Yoast SEO plugin. -->","yoast_head_json":{"title":"Les micropieux pour fondations","description":"Les techniques de forage et d\u2019injection pour le fa\u00e7onnage de micropieux doivent \u00eatre les plus appropri\u00e9es \u00e0 la nature du sol \u00e0 traverser.","robots":{"index":"index","follow":"follow","max-snippet":"max-snippet:-1","max-image-preview":"max-image-preview:large","max-video-preview":"max-video-preview:-1"},"canonical":"https:\/\/www.ccpitaliana.it\/fr\/micropieux\/","og_locale":"fr_FR","og_type":"article","og_title":"Micropieux - CCP Italiana","og_description":"Les techniques de forage et d\u2019injection pour le fa\u00e7onnage de micropieux doivent \u00eatre les plus appropri\u00e9es \u00e0 la nature du sol \u00e0 traverser.","og_url":"https:\/\/www.ccpitaliana.it\/fr\/micropieux\/","og_site_name":"CCP Italiana","article_modified_time":"2017-03-27T09:25:55+00:00","og_image":[{"url":"http:\/\/www.ccpitaliana.it\/wp-content\/uploads\/2016\/10\/micropali-4-1.jpg","type":"","width":"","height":""}],"twitter_card":"summary_large_image","twitter_title":"Micropieux - CCP Italiana","twitter_description":"Les techniques de forage et d\u2019injection pour le fa\u00e7onnage de micropieux doivent \u00eatre les plus appropri\u00e9es \u00e0 la nature du sol \u00e0 traverser.","twitter_image":"http:\/\/www.ccpitaliana.it\/wp-content\/uploads\/2016\/10\/micropali-4-1.jpg","twitter_misc":{"Est. reading time":"3 minutes"},"schema":{"@context":"https:\/\/schema.org","@graph":[{"@type":"WebPage","@id":"https:\/\/www.ccpitaliana.it\/fr\/micropieux\/","url":"https:\/\/www.ccpitaliana.it\/fr\/micropieux\/","name":"Les micropieux pour fondations","isPartOf":{"@id":"https:\/\/www.ccpitaliana.it\/#website"},"datePublished":"2016-10-21T08:14:19+00:00","dateModified":"2017-03-27T09:25:55+00:00","description":"Les techniques de forage et d\u2019injection pour le fa\u00e7onnage de micropieux doivent \u00eatre les plus appropri\u00e9es \u00e0 la nature du sol \u00e0 traverser.","breadcrumb":{"@id":"https:\/\/www.ccpitaliana.it\/fr\/micropieux\/#breadcrumb"},"inLanguage":"fr-FR","potentialAction":[{"@type":"ReadAction","target":["https:\/\/www.ccpitaliana.it\/fr\/micropieux\/"]}]},{"@type":"BreadcrumbList","@id":"https:\/\/www.ccpitaliana.it\/fr\/micropieux\/#breadcrumb","itemListElement":[{"@type":"ListItem","position":1,"name":"Home","item":"https:\/\/www.ccpitaliana.it\/fr\/"},{"@type":"ListItem","position":2,"name":"Micropieux"}]},{"@type":"WebSite","@id":"https:\/\/www.ccpitaliana.it\/#website","url":"https:\/\/www.ccpitaliana.it\/","name":"CCP Italiana","description":"Jet Grouting","publisher":{"@id":"https:\/\/www.ccpitaliana.it\/#organization"},"potentialAction":[{"@type":"SearchAction","target":{"@type":"EntryPoint","urlTemplate":"https:\/\/www.ccpitaliana.it\/?s={search_term_string}"},"query-input":{"@type":"PropertyValueSpecification","valueRequired":true,"valueName":"search_term_string"}}],"inLanguage":"fr-FR"},{"@type":"Organization","@id":"https:\/\/www.ccpitaliana.it\/#organization","name":"CCP Italiana S.r.l.","url":"https:\/\/www.ccpitaliana.it\/","logo":{"@type":"ImageObject","inLanguage":"fr-FR","@id":"https:\/\/www.ccpitaliana.it\/#\/schema\/logo\/image\/","url":"https:\/\/www.ccpitaliana.it\/wp-content\/uploads\/2016\/10\/ccp_italiana_logo.jpg","contentUrl":"https:\/\/www.ccpitaliana.it\/wp-content\/uploads\/2016\/10\/ccp_italiana_logo.jpg","width":252,"height":260,"caption":"CCP Italiana S.r.l."},"image":{"@id":"https:\/\/www.ccpitaliana.it\/#\/schema\/logo\/image\/"}}]}},"_links":{"self":[{"href":"https:\/\/www.ccpitaliana.it\/fr\/wp-json\/wp\/v2\/pages\/403","targetHints":{"allow":["GET"]}}],"collection":[{"href":"https:\/\/www.ccpitaliana.it\/fr\/wp-json\/wp\/v2\/pages"}],"about":[{"href":"https:\/\/www.ccpitaliana.it\/fr\/wp-json\/wp\/v2\/types\/page"}],"author":[{"embeddable":true,"href":"https:\/\/www.ccpitaliana.it\/fr\/wp-json\/wp\/v2\/users\/1"}],"replies":[{"embeddable":true,"href":"https:\/\/www.ccpitaliana.it\/fr\/wp-json\/wp\/v2\/comments?post=403"}],"version-history":[{"count":3,"href":"https:\/\/www.ccpitaliana.it\/fr\/wp-json\/wp\/v2\/pages\/403\/revisions"}],"predecessor-version":[{"id":416,"href":"https:\/\/www.ccpitaliana.it\/fr\/wp-json\/wp\/v2\/pages\/403\/revisions\/416"}],"wp:attachment":[{"href":"https:\/\/www.ccpitaliana.it\/fr\/wp-json\/wp\/v2\/media?parent=403"}],"curies":[{"name":"wp","href":"https:\/\/api.w.org\/{rel}","templated":true}]}}