{"id":406,"date":"2016-10-21T10:26:18","date_gmt":"2016-10-21T08:26:18","guid":{"rendered":"https:\/\/www.ccpitaliana.it\/tiranti-e-ancoraggi\/?lang=fr"},"modified":"2017-03-27T11:27:40","modified_gmt":"2017-03-27T09:27:40","slug":"tirants-en-acier","status":"publish","type":"page","link":"https:\/\/www.ccpitaliana.it\/fr\/tirants-en-acier\/","title":{"rendered":"Tirants en acier"},"content":{"rendered":"<p>[vc_row][vc_column width=&#8221;1\/1&#8243;][vc_single_image media=&#8221;109&#8243; media_poster=&#8221;yes&#8221; media_width_percent=&#8221;70&#8243; alignment=&#8221;center&#8221;][vc_column_text]<\/p>\n<h1 style=\"text-align: center;\">Tirants et ancres<\/h1>\n<p>[\/vc_column_text][\/vc_column][\/vc_row][vc_row][vc_column width=&#8221;1\/2&#8243;][vc_column_text]<strong><u>DESCRIPTION DE LA TECHNOLOGIE<\/u><\/strong><\/p>\n<p><strong>Les tirants en acier<\/strong> sont des \u00e9l\u00e9ments structuraux qui fonctionnent par traction et sont donc capables de transmettre la puissance au sol par le biais d\u2019armatures (tron\u00e7on passif pouvant s\u2019allonger) et de bulbes d\u2019ancrage (tron\u00e7on actif ancr\u00e9 au sol).<\/p>\n<p>Ils sont largement utilis\u00e9s dans la stabilisation des parois rocheuses, pour ancrer des cloisons et\/ou des murs de sout\u00e8nement au sol et, de fa\u00e7on g\u00e9n\u00e9rale, dans tous les domaines du g\u00e9nie civil lorsqu\u2019il est n\u00e9cessaire de transf\u00e9rer les contraintes n\u00e9cessaires \u00e0 la stabilit\u00e9 statique de l\u2019ouvrage dans les zones o\u00f9 le sol a la capacit\u00e9 d\u2019absorber les contraintes impliqu\u00e9es.<br \/>\nLes techniques de forage et d\u2019injection pour la formation de tirants \u00e0 torons et\/ou \u00e0 tiges filet\u00e9es doivent \u00eatre les plus appropri\u00e9es selon la nature du sol \u00e0 traverser.<\/p>\n<p>En particulier, toutes les mesures n\u00e9cessaires devraient \u00eatre prises pour emp\u00eacher le glissement des parois du trou, la contamination des armatures et l\u2019interruption et\/ou l\u2019incorporation des sols dans le fourreau de ciment qui unit l\u2019armature au sol environnant.<\/p>\n<p>En r\u00e8gle g\u00e9n\u00e9rale, les forages sont effectu\u00e9s comme suit\u00a0:<br \/>\n&#8211; \u00e0 roto-percussion avec un marteau fond-de-trou et avec circulation de l\u2019air comprim\u00e9 ;<\/p>\n<p>&#8211; \u00e0 rotation \u00e0 l\u2019aide de batteries de tiges h\u00e9lico\u00efdales ou d\u2019un outil de forage adapt\u00e9.<\/p>\n<p>Les \u00e9quipements n\u00e9cessaires \u00e0 la r\u00e9alisation de tirants d\u2019ancrage sont essentiellement les suivants\u00a0:<\/p>\n<p>&#8211; sonde foreuse sur chenilles pour op\u00e9rations de forage\u00a0;<\/p>\n<p>&#8211; dans le cas de forage \u00e0 roto-percussion\u00a0: batterie de tiges de diam\u00e8tre identique au diam\u00e8tre du trou pr\u00e9vu et portant \u00e0 son extr\u00e9mit\u00e9 inf\u00e9rieure l\u2019outil de forage (marteau fond-de-trou)\u00a0;<\/p>\n<p>\u2013 dans le cas de forage \u00e0 rotation\u00a0: batterie h\u00e9lices dont le diam\u00e8tre int\u00e9rieur est identique au diam\u00e8tre du trou pr\u00e9vu\u00a0;<\/p>\n<p>&#8211; centrale de conditionnement du m\u00e9lange de ciment constitu\u00e9e de silos horizontaux ou verticaux\u00a0; r\u00e9servoir de stockage d\u2019eau\u00a0; m\u00e9langeur \u00e0 haute vitesse\u00a0; agitateur\u00a0; injecteurs pour le pompage de la suspension de ciment depuis l\u2019installation vers la sonde foreuse.[\/vc_column_text][\/vc_column][vc_column width=&#8221;1\/2&#8243;][vc_column_text]<strong><u>SCH\u00c9MA OP\u00c9RATIONNEL<\/u><\/strong><\/p>\n<p>La r\u00e9alisation d\u2019un tirante comporte les phases d\u2019ex\u00e9cution suivantes :<\/p>\n<p><u><strong>PHASE 1<\/strong> Positionnement de la sonde foreuse et d\u00e9but de forage<\/u><\/p>\n<p>La sonde de forage est d\u00e9plac\u00e9e par l\u2019op\u00e9rateur afin d\u2019aligner l\u2019axe des tiges de forage sur le piquet.<\/p>\n<p>Une fois la sonde en place, l\u2019op\u00e9rateur d\u00e9place le m\u00e2t de la sonde de mani\u00e8re \u00e0 atteindre l\u2019angle requis par le projet.<\/p>\n<p>Le forage consiste \u00e0 ins\u00e9rer dans le sol une batterie de tiges ou de \u00e0 rotation ou \u00e0 roto-percussion selon le type et les caract\u00e9ristiques du sol \u00e0 traverser.<\/p>\n<p><u><strong>PHASE 2<\/strong> CONDITIONNEMENT DE LA SUSPENSION DE CIMENT<\/u><\/p>\n<p><u><\/u>Avant de proc\u00e9der \u00e0 la phase d\u2019injection, il est n\u00e9cessaire de conditionner le m\u00e9lange de ciment compos\u00e9 d\u2019eau, de ciment et d\u2019additifs, le cas \u00e9ch\u00e9ant.<\/p>\n<p>Le m\u00e9lange de ciment est pr\u00e9par\u00e9 et conditionn\u00e9 dans la centrale d\u2019injection et de conditionnement avec la composition requise selon les sp\u00e9cifications du cahier des charges.<\/p>\n<p><u><strong>PHASE 3<\/strong> R\u00c9ALISATION DU TIRANT<\/u><\/p>\n<p><u><\/u>Une fois le forage termin\u00e9, il est n\u00e9cessaire d\u2019enlever tous les d\u00e9bris qui se trouvent dans le trou, puis d\u2019ins\u00e9rer dans le trou le tirant \u00e0 torons ou la tige filet\u00e9e, qui doit \u00eatre conforme aux plans de conception.<\/p>\n<p><u><strong>PHASE 4<\/strong> INJECTION<\/u><\/p>\n<p>La fixation du tirant au sol sera ex\u00e9cut\u00e9e \u00e0 l\u2019aide du m\u00e9lange de ciment selon le type de remplissage choisi qui peut \u00eatre \u00e0 gravit\u00e9 dans le cas de tiges filet\u00e9es et\/ou \u00e0 basse pression dans le cas de tirants en torons au moyen de \u00ab pailles \u00bb associ\u00e9es aux torons\u00a0; le remplissage du trou et du bulbe du tirant sera effectu\u00e9 conform\u00e9ment aux exigences pr\u00e9vues par le constructeur.<\/p>\n<p>Dans les deux cas, le remplissage sera effectu\u00e9 jusqu\u2019\u00e0 ce que le m\u00e9lange ins\u00e9r\u00e9 remonte \u00e0 la surface sans inclusions.[\/vc_column_text][\/vc_column][\/vc_row][vc_row][vc_column width=&#8221;1\/1&#8243;][vc_gallery el_id=&#8221;gallery-139086&#8243; medias=&#8221;112,113,107,108,116,233,111&#8243; gutter_size=&#8221;3&#8243; screen_lg=&#8221;1000&#8243; screen_md=&#8221;600&#8243; screen_sm=&#8221;480&#8243; images_size=&#8221;four-three&#8221; single_overlay_opacity=&#8221;50&#8243; single_padding=&#8221;2&#8243;][\/vc_column][\/vc_row]<\/p>\n","protected":false},"excerpt":{"rendered":"<p>[vc_row][vc_column width=&#8221;1\/1&#8243;][vc_single_image media=&#8221;109&#8243; media_poster=&#8221;yes&#8221; media_width_percent=&#8221;70&#8243; alignment=&#8221;center&#8221;][vc_column_text] Tirants et ancres [\/vc_column_text][\/vc_column][\/vc_row][vc_row][vc_column width=&#8221;1\/2&#8243;][vc_column_text]DESCRIPTION DE LA TECHNOLOGIE Les tirants en acier sont des [&hellip;]<\/p>\n","protected":false},"author":1,"featured_media":0,"parent":0,"menu_order":0,"comment_status":"closed","ping_status":"closed","template":"","meta":{"_exactmetrics_skip_tracking":false,"_exactmetrics_sitenote_active":false,"_exactmetrics_sitenote_note":"","_exactmetrics_sitenote_category":0,"footnotes":""},"class_list":["post-406","page","type-page","status-publish","hentry"],"yoast_head":"<!-- This site is optimized with the Yoast SEO plugin v26.2 - https:\/\/yoast.com\/wordpress\/plugins\/seo\/ -->\n<title>Tirants en acier<\/title>\n<meta name=\"description\" content=\"Les tirants en acier sont des \u00e9l\u00e9ments structuraux qui fonctionnent par traction et sont donc capables de transmettre la puissance au sol par le biais d\u2019armatures...\" \/>\n<meta name=\"robots\" content=\"index, follow, max-snippet:-1, max-image-preview:large, max-video-preview:-1\" \/>\n<link rel=\"canonical\" href=\"https:\/\/www.ccpitaliana.it\/fr\/tirants-en-acier\/\" \/>\n<meta property=\"og:locale\" content=\"fr_FR\" \/>\n<meta property=\"og:type\" content=\"article\" \/>\n<meta property=\"og:title\" content=\"Tirants en acier - CCP Italiana\" \/>\n<meta property=\"og:description\" content=\"Les tirants en acier sont des \u00e9l\u00e9ments structuraux qui fonctionnent par traction et sont donc capables de transmettre la puissance au sol par le biais d\u2019armatures...\" \/>\n<meta property=\"og:url\" content=\"https:\/\/www.ccpitaliana.it\/fr\/tirants-en-acier\/\" \/>\n<meta property=\"og:site_name\" content=\"CCP Italiana\" \/>\n<meta property=\"article:modified_time\" content=\"2017-03-27T09:27:40+00:00\" \/>\n<meta property=\"og:image\" content=\"http:\/\/www.ccpitaliana.it\/wp-content\/uploads\/2016\/10\/tiranti-005.jpg\" \/>\n<meta name=\"twitter:card\" content=\"summary_large_image\" \/>\n<meta name=\"twitter:title\" content=\"Tirants en acier - CCP Italiana\" \/>\n<meta name=\"twitter:description\" content=\"Les tirants en acier sont des \u00e9l\u00e9ments structuraux qui fonctionnent par traction et sont donc capables de transmettre la puissance au sol par le biais d\u2019armatures...\" \/>\n<meta name=\"twitter:image\" content=\"http:\/\/www.ccpitaliana.it\/wp-content\/uploads\/2016\/10\/tiranti-005.jpg\" \/>\n<meta name=\"twitter:label1\" content=\"Est. reading time\" \/>\n\t<meta name=\"twitter:data1\" content=\"4 minutes\" \/>\n<script type=\"application\/ld+json\" class=\"yoast-schema-graph\">{\"@context\":\"https:\/\/schema.org\",\"@graph\":[{\"@type\":\"WebPage\",\"@id\":\"https:\/\/www.ccpitaliana.it\/fr\/tirants-en-acier\/\",\"url\":\"https:\/\/www.ccpitaliana.it\/fr\/tirants-en-acier\/\",\"name\":\"Tirants en acier\",\"isPartOf\":{\"@id\":\"https:\/\/www.ccpitaliana.it\/#website\"},\"datePublished\":\"2016-10-21T08:26:18+00:00\",\"dateModified\":\"2017-03-27T09:27:40+00:00\",\"description\":\"Les tirants en acier sont des \u00e9l\u00e9ments structuraux qui fonctionnent par traction et sont donc capables de transmettre la puissance au sol par le biais d\u2019armatures...\",\"breadcrumb\":{\"@id\":\"https:\/\/www.ccpitaliana.it\/fr\/tirants-en-acier\/#breadcrumb\"},\"inLanguage\":\"fr-FR\",\"potentialAction\":[{\"@type\":\"ReadAction\",\"target\":[\"https:\/\/www.ccpitaliana.it\/fr\/tirants-en-acier\/\"]}]},{\"@type\":\"BreadcrumbList\",\"@id\":\"https:\/\/www.ccpitaliana.it\/fr\/tirants-en-acier\/#breadcrumb\",\"itemListElement\":[{\"@type\":\"ListItem\",\"position\":1,\"name\":\"Home\",\"item\":\"https:\/\/www.ccpitaliana.it\/fr\/\"},{\"@type\":\"ListItem\",\"position\":2,\"name\":\"Tirants en acier\"}]},{\"@type\":\"WebSite\",\"@id\":\"https:\/\/www.ccpitaliana.it\/#website\",\"url\":\"https:\/\/www.ccpitaliana.it\/\",\"name\":\"CCP Italiana\",\"description\":\"Jet Grouting\",\"publisher\":{\"@id\":\"https:\/\/www.ccpitaliana.it\/#organization\"},\"potentialAction\":[{\"@type\":\"SearchAction\",\"target\":{\"@type\":\"EntryPoint\",\"urlTemplate\":\"https:\/\/www.ccpitaliana.it\/?s={search_term_string}\"},\"query-input\":{\"@type\":\"PropertyValueSpecification\",\"valueRequired\":true,\"valueName\":\"search_term_string\"}}],\"inLanguage\":\"fr-FR\"},{\"@type\":\"Organization\",\"@id\":\"https:\/\/www.ccpitaliana.it\/#organization\",\"name\":\"CCP Italiana S.r.l.\",\"url\":\"https:\/\/www.ccpitaliana.it\/\",\"logo\":{\"@type\":\"ImageObject\",\"inLanguage\":\"fr-FR\",\"@id\":\"https:\/\/www.ccpitaliana.it\/#\/schema\/logo\/image\/\",\"url\":\"https:\/\/www.ccpitaliana.it\/wp-content\/uploads\/2016\/10\/ccp_italiana_logo.jpg\",\"contentUrl\":\"https:\/\/www.ccpitaliana.it\/wp-content\/uploads\/2016\/10\/ccp_italiana_logo.jpg\",\"width\":252,\"height\":260,\"caption\":\"CCP Italiana S.r.l.\"},\"image\":{\"@id\":\"https:\/\/www.ccpitaliana.it\/#\/schema\/logo\/image\/\"}}]}<\/script>\n<!-- \/ Yoast SEO plugin. -->","yoast_head_json":{"title":"Tirants en acier","description":"Les tirants en acier sont des \u00e9l\u00e9ments structuraux qui fonctionnent par traction et sont donc capables de transmettre la puissance au sol par le biais d\u2019armatures...","robots":{"index":"index","follow":"follow","max-snippet":"max-snippet:-1","max-image-preview":"max-image-preview:large","max-video-preview":"max-video-preview:-1"},"canonical":"https:\/\/www.ccpitaliana.it\/fr\/tirants-en-acier\/","og_locale":"fr_FR","og_type":"article","og_title":"Tirants en acier - CCP Italiana","og_description":"Les tirants en acier sont des \u00e9l\u00e9ments structuraux qui fonctionnent par traction et sont donc capables de transmettre la puissance au sol par le biais d\u2019armatures...","og_url":"https:\/\/www.ccpitaliana.it\/fr\/tirants-en-acier\/","og_site_name":"CCP Italiana","article_modified_time":"2017-03-27T09:27:40+00:00","og_image":[{"url":"http:\/\/www.ccpitaliana.it\/wp-content\/uploads\/2016\/10\/tiranti-005.jpg","type":"","width":"","height":""}],"twitter_card":"summary_large_image","twitter_title":"Tirants en acier - CCP Italiana","twitter_description":"Les tirants en acier sont des \u00e9l\u00e9ments structuraux qui fonctionnent par traction et sont donc capables de transmettre la puissance au sol par le biais d\u2019armatures...","twitter_image":"http:\/\/www.ccpitaliana.it\/wp-content\/uploads\/2016\/10\/tiranti-005.jpg","twitter_misc":{"Est. reading time":"4 minutes"},"schema":{"@context":"https:\/\/schema.org","@graph":[{"@type":"WebPage","@id":"https:\/\/www.ccpitaliana.it\/fr\/tirants-en-acier\/","url":"https:\/\/www.ccpitaliana.it\/fr\/tirants-en-acier\/","name":"Tirants en acier","isPartOf":{"@id":"https:\/\/www.ccpitaliana.it\/#website"},"datePublished":"2016-10-21T08:26:18+00:00","dateModified":"2017-03-27T09:27:40+00:00","description":"Les tirants en acier sont des \u00e9l\u00e9ments structuraux qui fonctionnent par traction et sont donc capables de transmettre la puissance au sol par le biais d\u2019armatures...","breadcrumb":{"@id":"https:\/\/www.ccpitaliana.it\/fr\/tirants-en-acier\/#breadcrumb"},"inLanguage":"fr-FR","potentialAction":[{"@type":"ReadAction","target":["https:\/\/www.ccpitaliana.it\/fr\/tirants-en-acier\/"]}]},{"@type":"BreadcrumbList","@id":"https:\/\/www.ccpitaliana.it\/fr\/tirants-en-acier\/#breadcrumb","itemListElement":[{"@type":"ListItem","position":1,"name":"Home","item":"https:\/\/www.ccpitaliana.it\/fr\/"},{"@type":"ListItem","position":2,"name":"Tirants en acier"}]},{"@type":"WebSite","@id":"https:\/\/www.ccpitaliana.it\/#website","url":"https:\/\/www.ccpitaliana.it\/","name":"CCP Italiana","description":"Jet Grouting","publisher":{"@id":"https:\/\/www.ccpitaliana.it\/#organization"},"potentialAction":[{"@type":"SearchAction","target":{"@type":"EntryPoint","urlTemplate":"https:\/\/www.ccpitaliana.it\/?s={search_term_string}"},"query-input":{"@type":"PropertyValueSpecification","valueRequired":true,"valueName":"search_term_string"}}],"inLanguage":"fr-FR"},{"@type":"Organization","@id":"https:\/\/www.ccpitaliana.it\/#organization","name":"CCP Italiana S.r.l.","url":"https:\/\/www.ccpitaliana.it\/","logo":{"@type":"ImageObject","inLanguage":"fr-FR","@id":"https:\/\/www.ccpitaliana.it\/#\/schema\/logo\/image\/","url":"https:\/\/www.ccpitaliana.it\/wp-content\/uploads\/2016\/10\/ccp_italiana_logo.jpg","contentUrl":"https:\/\/www.ccpitaliana.it\/wp-content\/uploads\/2016\/10\/ccp_italiana_logo.jpg","width":252,"height":260,"caption":"CCP Italiana S.r.l."},"image":{"@id":"https:\/\/www.ccpitaliana.it\/#\/schema\/logo\/image\/"}}]}},"_links":{"self":[{"href":"https:\/\/www.ccpitaliana.it\/fr\/wp-json\/wp\/v2\/pages\/406","targetHints":{"allow":["GET"]}}],"collection":[{"href":"https:\/\/www.ccpitaliana.it\/fr\/wp-json\/wp\/v2\/pages"}],"about":[{"href":"https:\/\/www.ccpitaliana.it\/fr\/wp-json\/wp\/v2\/types\/page"}],"author":[{"embeddable":true,"href":"https:\/\/www.ccpitaliana.it\/fr\/wp-json\/wp\/v2\/users\/1"}],"replies":[{"embeddable":true,"href":"https:\/\/www.ccpitaliana.it\/fr\/wp-json\/wp\/v2\/comments?post=406"}],"version-history":[{"count":3,"href":"https:\/\/www.ccpitaliana.it\/fr\/wp-json\/wp\/v2\/pages\/406\/revisions"}],"predecessor-version":[{"id":417,"href":"https:\/\/www.ccpitaliana.it\/fr\/wp-json\/wp\/v2\/pages\/406\/revisions\/417"}],"wp:attachment":[{"href":"https:\/\/www.ccpitaliana.it\/fr\/wp-json\/wp\/v2\/media?parent=406"}],"curies":[{"name":"wp","href":"https:\/\/api.w.org\/{rel}","templated":true}]}}