{"id":409,"date":"2016-10-21T10:46:47","date_gmt":"2016-10-21T08:46:47","guid":{"rendered":"https:\/\/www.ccpitaliana.it\/dreni\/?lang=fr"},"modified":"2017-03-27T11:28:55","modified_gmt":"2017-03-27T09:28:55","slug":"drains","status":"publish","type":"page","link":"https:\/\/www.ccpitaliana.it\/fr\/drains\/","title":{"rendered":"Drains"},"content":{"rendered":"<p>[vc_row][vc_column width=&#8221;1\/1&#8243;][vc_single_image media=&#8221;126&#8243; media_poster=&#8221;yes&#8221; media_width_percent=&#8221;60&#8243; alignment=&#8221;center&#8221;][vc_column_text]<\/p>\n<h1 style=\"text-align: center;\">Drains<\/h1>\n<p>[\/vc_column_text][\/vc_column][\/vc_row][vc_row][vc_column width=&#8221;1\/2&#8243;][vc_column_text]<strong><u>DESCRIPTION DE LA TECHNOLOGIE<\/u><\/strong><\/p>\n<p>Les drains sous-horizontaux sont des \u00e9l\u00e9ments drainants de petit diam\u00e8tre qui sont plac\u00e9s dans le corps de la pente glissante ou sur le front de l\u2019excavation afin d\u2019\u00e9liminer l\u2019exc\u00e8s d\u2019eau qui cause la d\u00e9t\u00e9rioration de la solidit\u00e9 et de la consistance du sol, permettant donc de redonner de la stabilit\u00e9 et d\u2019assainir la pente ou le front.<\/p>\n<p>Ils sont constitu\u00e9s de tubes en PVC micro perfor\u00e9s couverts ou non d\u2019une \u00ab\u00a0chaussette\u00a0\u00bb en g\u00e9otextile.<br \/>\nIls sont appel\u00e9s sous-horizontaux parce qu\u2019ils sont pos\u00e9s avec une pente l\u00e9g\u00e8re par rapport \u00e0 l\u2019axe horizontal.<br \/>\nLes techniques de forage et de pose de drains doivent \u00eatre les plus appropri\u00e9es \u00e0 la nature du sol \u00e0 traverser.<\/p>\n<p>En r\u00e8gle g\u00e9n\u00e9rale, les forages sont effectu\u00e9s comme suit\u00a0:<\/p>\n<p>&#8211; \u00e0 roto-percussion avec un marteau fond-de-trou et avec circulation de l\u2019air comprim\u00e9 ;<\/p>\n<p>&#8211; \u00e0 rotation \u00e0 l\u2019aide de batteries de tiges h\u00e9lico\u00efdales ou d\u2019un outil de forage adapt\u00e9.<\/p>\n<p>Les \u00e9quipements n\u00e9cessaires \u00e0 la r\u00e9alisation de drains sont essentiellement les suivants\u00a0:<\/p>\n<p>&#8211; sonde foreuse sur chenilles pour op\u00e9rations de forage\u00a0;<\/p>\n<p>&#8211; dans le cas de forage \u00e0 roto-percussion\u00a0: batterie de tiges de diam\u00e8tre identique au diam\u00e8tre du trou pr\u00e9vu et portant \u00e0 son extr\u00e9mit\u00e9 inf\u00e9rieure l\u2019outil de forage (marteau fond-de-trou)\u00a0;<\/p>\n<p>\u2013 dans le cas de forage \u00e0 rotation\u00a0: batterie d&#8217;h\u00e9lices dont le diam\u00e8tre int\u00e9rieur est identique au diam\u00e8tre du trou pr\u00e9vu.[\/vc_column_text][\/vc_column][vc_column width=&#8221;1\/2&#8243;][vc_column_text]<strong><u>SCH\u00c9MA OP\u00c9RATIONNEL<\/u><\/strong><\/p>\n<p>La r\u00e9alisation d\u2019un drain comprend les phases d\u2019ex\u00e9cution suivantes :<\/p>\n<p><u><strong>PHASE 1<\/strong> Positionnement de la sonde foreuse et d\u00e9but de forage<\/u><\/p>\n<p>La sonde de forage est d\u00e9plac\u00e9e par l\u2019op\u00e9rateur afin d\u2019aligner l\u2019axe des tiges de forage sur le piquet.<\/p>\n<p>Une fois la sonde en place, l\u2019op\u00e9rateur d\u00e9place le m\u00e2t de la sonde de mani\u00e8re \u00e0 atteindre l\u2019angle requis par le projet.<\/p>\n<p>Le forage consiste \u00e0 ins\u00e9rer dans le sol une batterie de tiges ou de \u00e0 rotation ou \u00e0 roto-percussion selon le type et les caract\u00e9ristiques du sol \u00e0 traverser.<\/p>\n<p><u><strong>PHASE 2<\/strong> R\u00c9ALISATION DU DRAIN<\/u><\/p>\n<p><u><\/u>Une fois le forage termin\u00e9, il est n\u00e9cessaire d\u2019enlever tous les d\u00e9bris qui se trouvent dans le trou, puis d\u2019ins\u00e9rer dans le trou le tube microfissure, qui doit \u00eatre conforme aux plans de conception.<\/p>\n<p><u><strong>PHASE 3<\/strong> INJECTION<\/u><\/p>\n<p><u><\/u>Une fois termin\u00e9e la phase de pose du tube microfissure, on proc\u00e8de au scellement de la cavit\u00e9 annulaire tubulaire qui se trouve entre les parois du trou et la t\u00eate du drain de fa\u00e7on \u00e0 permettre un flux r\u00e9gulier de l\u2019eau dans le tuyau en PVC.[\/vc_column_text][\/vc_column][\/vc_row][vc_row][vc_column width=&#8221;1\/1&#8243;][vc_gallery el_id=&#8221;gallery-139086&#8243; medias=&#8221;127,126,125&#8243; gutter_size=&#8221;3&#8243; screen_lg=&#8221;1000&#8243; screen_md=&#8221;600&#8243; screen_sm=&#8221;480&#8243; images_size=&#8221;four-three&#8221; single_overlay_opacity=&#8221;50&#8243; single_padding=&#8221;2&#8243;][\/vc_column][\/vc_row]<\/p>\n","protected":false},"excerpt":{"rendered":"<p>[vc_row][vc_column width=&#8221;1\/1&#8243;][vc_single_image media=&#8221;126&#8243; media_poster=&#8221;yes&#8221; media_width_percent=&#8221;60&#8243; alignment=&#8221;center&#8221;][vc_column_text] Drains [\/vc_column_text][\/vc_column][\/vc_row][vc_row][vc_column width=&#8221;1\/2&#8243;][vc_column_text]DESCRIPTION DE LA TECHNOLOGIE Les drains sous-horizontaux sont des \u00e9l\u00e9ments drainants de [&hellip;]<\/p>\n","protected":false},"author":1,"featured_media":0,"parent":0,"menu_order":0,"comment_status":"closed","ping_status":"closed","template":"","meta":{"_exactmetrics_skip_tracking":false,"_exactmetrics_sitenote_active":false,"_exactmetrics_sitenote_note":"","_exactmetrics_sitenote_category":0,"footnotes":""},"class_list":["post-409","page","type-page","status-publish","hentry"],"yoast_head":"<!-- This site is optimized with the Yoast SEO plugin v26.2 - https:\/\/yoast.com\/wordpress\/plugins\/seo\/ -->\n<title>Drains<\/title>\n<meta name=\"description\" content=\"Les drains sous-horizontaux sont des \u00e9l\u00e9ments drainants de petit diam\u00e8tre qui sont plac\u00e9s dans le corps de la pente glissante ou sur le front de l\u2019excavation...\" \/>\n<meta name=\"robots\" content=\"index, follow, max-snippet:-1, max-image-preview:large, max-video-preview:-1\" \/>\n<link rel=\"canonical\" href=\"https:\/\/www.ccpitaliana.it\/fr\/drains\/\" \/>\n<meta property=\"og:locale\" content=\"fr_FR\" \/>\n<meta property=\"og:type\" content=\"article\" \/>\n<meta property=\"og:title\" content=\"Drains - CCP Italiana\" \/>\n<meta property=\"og:description\" content=\"Les drains sous-horizontaux sont des \u00e9l\u00e9ments drainants de petit diam\u00e8tre qui sont plac\u00e9s dans le corps de la pente glissante ou sur le front de l\u2019excavation...\" \/>\n<meta property=\"og:url\" content=\"https:\/\/www.ccpitaliana.it\/fr\/drains\/\" \/>\n<meta property=\"og:site_name\" content=\"CCP Italiana\" \/>\n<meta property=\"article:modified_time\" content=\"2017-03-27T09:28:55+00:00\" \/>\n<meta property=\"og:image\" content=\"http:\/\/www.ccpitaliana.it\/wp-content\/uploads\/2016\/10\/dreni042-e1477044712865.jpg\" \/>\n<meta name=\"twitter:card\" content=\"summary_large_image\" \/>\n<meta name=\"twitter:title\" content=\"Drains - CCP Italiana\" \/>\n<meta name=\"twitter:description\" content=\"Les drains sous-horizontaux sont des \u00e9l\u00e9ments drainants de petit diam\u00e8tre qui sont plac\u00e9s dans le corps de la pente glissante ou sur le front de l\u2019excavation...\" \/>\n<meta name=\"twitter:image\" content=\"http:\/\/www.ccpitaliana.it\/wp-content\/uploads\/2016\/10\/dreni042-e1477044712865.jpg\" \/>\n<meta name=\"twitter:label1\" content=\"Est. reading time\" \/>\n\t<meta name=\"twitter:data1\" content=\"3 minutes\" \/>\n<script type=\"application\/ld+json\" class=\"yoast-schema-graph\">{\"@context\":\"https:\/\/schema.org\",\"@graph\":[{\"@type\":\"WebPage\",\"@id\":\"https:\/\/www.ccpitaliana.it\/fr\/drains\/\",\"url\":\"https:\/\/www.ccpitaliana.it\/fr\/drains\/\",\"name\":\"Drains\",\"isPartOf\":{\"@id\":\"https:\/\/www.ccpitaliana.it\/#website\"},\"datePublished\":\"2016-10-21T08:46:47+00:00\",\"dateModified\":\"2017-03-27T09:28:55+00:00\",\"description\":\"Les drains sous-horizontaux sont des \u00e9l\u00e9ments drainants de petit diam\u00e8tre qui sont plac\u00e9s dans le corps de la pente glissante ou sur le front de l\u2019excavation...\",\"breadcrumb\":{\"@id\":\"https:\/\/www.ccpitaliana.it\/fr\/drains\/#breadcrumb\"},\"inLanguage\":\"fr-FR\",\"potentialAction\":[{\"@type\":\"ReadAction\",\"target\":[\"https:\/\/www.ccpitaliana.it\/fr\/drains\/\"]}]},{\"@type\":\"BreadcrumbList\",\"@id\":\"https:\/\/www.ccpitaliana.it\/fr\/drains\/#breadcrumb\",\"itemListElement\":[{\"@type\":\"ListItem\",\"position\":1,\"name\":\"Home\",\"item\":\"https:\/\/www.ccpitaliana.it\/fr\/\"},{\"@type\":\"ListItem\",\"position\":2,\"name\":\"Drains\"}]},{\"@type\":\"WebSite\",\"@id\":\"https:\/\/www.ccpitaliana.it\/#website\",\"url\":\"https:\/\/www.ccpitaliana.it\/\",\"name\":\"CCP Italiana\",\"description\":\"Jet Grouting\",\"publisher\":{\"@id\":\"https:\/\/www.ccpitaliana.it\/#organization\"},\"potentialAction\":[{\"@type\":\"SearchAction\",\"target\":{\"@type\":\"EntryPoint\",\"urlTemplate\":\"https:\/\/www.ccpitaliana.it\/?s={search_term_string}\"},\"query-input\":{\"@type\":\"PropertyValueSpecification\",\"valueRequired\":true,\"valueName\":\"search_term_string\"}}],\"inLanguage\":\"fr-FR\"},{\"@type\":\"Organization\",\"@id\":\"https:\/\/www.ccpitaliana.it\/#organization\",\"name\":\"CCP Italiana S.r.l.\",\"url\":\"https:\/\/www.ccpitaliana.it\/\",\"logo\":{\"@type\":\"ImageObject\",\"inLanguage\":\"fr-FR\",\"@id\":\"https:\/\/www.ccpitaliana.it\/#\/schema\/logo\/image\/\",\"url\":\"https:\/\/www.ccpitaliana.it\/wp-content\/uploads\/2016\/10\/ccp_italiana_logo.jpg\",\"contentUrl\":\"https:\/\/www.ccpitaliana.it\/wp-content\/uploads\/2016\/10\/ccp_italiana_logo.jpg\",\"width\":252,\"height\":260,\"caption\":\"CCP Italiana S.r.l.\"},\"image\":{\"@id\":\"https:\/\/www.ccpitaliana.it\/#\/schema\/logo\/image\/\"}}]}<\/script>\n<!-- \/ Yoast SEO plugin. -->","yoast_head_json":{"title":"Drains","description":"Les drains sous-horizontaux sont des \u00e9l\u00e9ments drainants de petit diam\u00e8tre qui sont plac\u00e9s dans le corps de la pente glissante ou sur le front de l\u2019excavation...","robots":{"index":"index","follow":"follow","max-snippet":"max-snippet:-1","max-image-preview":"max-image-preview:large","max-video-preview":"max-video-preview:-1"},"canonical":"https:\/\/www.ccpitaliana.it\/fr\/drains\/","og_locale":"fr_FR","og_type":"article","og_title":"Drains - CCP Italiana","og_description":"Les drains sous-horizontaux sont des \u00e9l\u00e9ments drainants de petit diam\u00e8tre qui sont plac\u00e9s dans le corps de la pente glissante ou sur le front de l\u2019excavation...","og_url":"https:\/\/www.ccpitaliana.it\/fr\/drains\/","og_site_name":"CCP Italiana","article_modified_time":"2017-03-27T09:28:55+00:00","og_image":[{"url":"http:\/\/www.ccpitaliana.it\/wp-content\/uploads\/2016\/10\/dreni042-e1477044712865.jpg","type":"","width":"","height":""}],"twitter_card":"summary_large_image","twitter_title":"Drains - CCP Italiana","twitter_description":"Les drains sous-horizontaux sont des \u00e9l\u00e9ments drainants de petit diam\u00e8tre qui sont plac\u00e9s dans le corps de la pente glissante ou sur le front de l\u2019excavation...","twitter_image":"http:\/\/www.ccpitaliana.it\/wp-content\/uploads\/2016\/10\/dreni042-e1477044712865.jpg","twitter_misc":{"Est. reading time":"3 minutes"},"schema":{"@context":"https:\/\/schema.org","@graph":[{"@type":"WebPage","@id":"https:\/\/www.ccpitaliana.it\/fr\/drains\/","url":"https:\/\/www.ccpitaliana.it\/fr\/drains\/","name":"Drains","isPartOf":{"@id":"https:\/\/www.ccpitaliana.it\/#website"},"datePublished":"2016-10-21T08:46:47+00:00","dateModified":"2017-03-27T09:28:55+00:00","description":"Les drains sous-horizontaux sont des \u00e9l\u00e9ments drainants de petit diam\u00e8tre qui sont plac\u00e9s dans le corps de la pente glissante ou sur le front de l\u2019excavation...","breadcrumb":{"@id":"https:\/\/www.ccpitaliana.it\/fr\/drains\/#breadcrumb"},"inLanguage":"fr-FR","potentialAction":[{"@type":"ReadAction","target":["https:\/\/www.ccpitaliana.it\/fr\/drains\/"]}]},{"@type":"BreadcrumbList","@id":"https:\/\/www.ccpitaliana.it\/fr\/drains\/#breadcrumb","itemListElement":[{"@type":"ListItem","position":1,"name":"Home","item":"https:\/\/www.ccpitaliana.it\/fr\/"},{"@type":"ListItem","position":2,"name":"Drains"}]},{"@type":"WebSite","@id":"https:\/\/www.ccpitaliana.it\/#website","url":"https:\/\/www.ccpitaliana.it\/","name":"CCP Italiana","description":"Jet Grouting","publisher":{"@id":"https:\/\/www.ccpitaliana.it\/#organization"},"potentialAction":[{"@type":"SearchAction","target":{"@type":"EntryPoint","urlTemplate":"https:\/\/www.ccpitaliana.it\/?s={search_term_string}"},"query-input":{"@type":"PropertyValueSpecification","valueRequired":true,"valueName":"search_term_string"}}],"inLanguage":"fr-FR"},{"@type":"Organization","@id":"https:\/\/www.ccpitaliana.it\/#organization","name":"CCP Italiana S.r.l.","url":"https:\/\/www.ccpitaliana.it\/","logo":{"@type":"ImageObject","inLanguage":"fr-FR","@id":"https:\/\/www.ccpitaliana.it\/#\/schema\/logo\/image\/","url":"https:\/\/www.ccpitaliana.it\/wp-content\/uploads\/2016\/10\/ccp_italiana_logo.jpg","contentUrl":"https:\/\/www.ccpitaliana.it\/wp-content\/uploads\/2016\/10\/ccp_italiana_logo.jpg","width":252,"height":260,"caption":"CCP Italiana S.r.l."},"image":{"@id":"https:\/\/www.ccpitaliana.it\/#\/schema\/logo\/image\/"}}]}},"_links":{"self":[{"href":"https:\/\/www.ccpitaliana.it\/fr\/wp-json\/wp\/v2\/pages\/409","targetHints":{"allow":["GET"]}}],"collection":[{"href":"https:\/\/www.ccpitaliana.it\/fr\/wp-json\/wp\/v2\/pages"}],"about":[{"href":"https:\/\/www.ccpitaliana.it\/fr\/wp-json\/wp\/v2\/types\/page"}],"author":[{"embeddable":true,"href":"https:\/\/www.ccpitaliana.it\/fr\/wp-json\/wp\/v2\/users\/1"}],"replies":[{"embeddable":true,"href":"https:\/\/www.ccpitaliana.it\/fr\/wp-json\/wp\/v2\/comments?post=409"}],"version-history":[{"count":2,"href":"https:\/\/www.ccpitaliana.it\/fr\/wp-json\/wp\/v2\/pages\/409\/revisions"}],"predecessor-version":[{"id":411,"href":"https:\/\/www.ccpitaliana.it\/fr\/wp-json\/wp\/v2\/pages\/409\/revisions\/411"}],"wp:attachment":[{"href":"https:\/\/www.ccpitaliana.it\/fr\/wp-json\/wp\/v2\/media?parent=409"}],"curies":[{"name":"wp","href":"https:\/\/api.w.org\/{rel}","templated":true}]}}