{"id":412,"date":"2016-10-21T10:50:30","date_gmt":"2016-10-21T08:50:30","guid":{"rendered":"https:\/\/www.ccpitaliana.it\/risanamento-e-trattamento-superfici-inquinate\/?lang=fr"},"modified":"2017-03-27T11:30:08","modified_gmt":"2017-03-27T09:30:08","slug":"l-assainissement-et-le-traitement-de-surfaces-polluees","status":"publish","type":"page","link":"https:\/\/www.ccpitaliana.it\/fr\/l-assainissement-et-le-traitement-de-surfaces-polluees\/","title":{"rendered":"L\u2019assainissement et le traitement de surfaces pollu\u00e9es"},"content":{"rendered":"<p>[vc_row][vc_column width=&#8221;1\/1&#8243;][vc_single_image media=&#8221;300&#8243; media_poster=&#8221;yes&#8221; media_width_percent=&#8221;70&#8243; alignment=&#8221;center&#8221;][vc_column_text]<\/p>\n<h1 style=\"text-align: center;\">L\u2019assainissement et le traitement de surfaces pollu\u00e9es<\/h1>\n<p>[\/vc_column_text][\/vc_column][\/vc_row][vc_row][vc_column width=&#8221;1\/1&#8243;][vc_column_text]L\u2019utilisation des produits de la s\u00e9rie Cebioclean nous permet de disposer d\u2019un processus innovant et rapide pour la d\u00e9contamination ou l&#8217;assainissement de sols industriels en b\u00e9ton ou de surfaces dures en enlevant les hydrocarbures, les substances huileuses et autres polluants tout en respectant l\u2019environnement.<\/p>\n<p>Utilisation en particulier pour les stations-service, garages, sites industriels, entrep\u00f4ts, centres logistiques, l\u2019industrie alimentaire.<br \/>\nCe proc\u00e9d\u00e9 remplace les interventions structurelles ordinaires telles que le martelage, le fraisage, voire la d\u00e9molition de la chape &#8220;pollu\u00e9e&#8221;.[\/vc_column_text][\/vc_column][\/vc_row][vc_row][vc_column width=&#8221;1\/1&#8243;][vc_gallery el_id=&#8221;gallery-139086&#8243; medias=&#8221;329&#8243; gutter_size=&#8221;3&#8243; screen_lg=&#8221;1000&#8243; screen_md=&#8221;600&#8243; screen_sm=&#8221;480&#8243; images_size=&#8221;four-three&#8221; single_overlay_opacity=&#8221;50&#8243; single_padding=&#8221;2&#8243;][\/vc_column][\/vc_row]<\/p>\n","protected":false},"excerpt":{"rendered":"<p>[vc_row][vc_column width=&#8221;1\/1&#8243;][vc_single_image media=&#8221;300&#8243; media_poster=&#8221;yes&#8221; media_width_percent=&#8221;70&#8243; alignment=&#8221;center&#8221;][vc_column_text] L\u2019assainissement et le traitement de surfaces pollu\u00e9es [\/vc_column_text][\/vc_column][\/vc_row][vc_row][vc_column width=&#8221;1\/1&#8243;][vc_column_text]L\u2019utilisation des produits de la s\u00e9rie [&hellip;]<\/p>\n","protected":false},"author":1,"featured_media":0,"parent":0,"menu_order":0,"comment_status":"closed","ping_status":"closed","template":"","meta":{"_exactmetrics_skip_tracking":false,"_exactmetrics_sitenote_active":false,"_exactmetrics_sitenote_note":"","_exactmetrics_sitenote_category":0,"footnotes":""},"class_list":["post-412","page","type-page","status-publish","hentry"],"yoast_head":"<!-- This site is optimized with the Yoast SEO plugin v26.2 - https:\/\/yoast.com\/wordpress\/plugins\/seo\/ -->\n<title>L\u2019assainissement et le traitement de surfaces pollu\u00e9es<\/title>\n<meta name=\"description\" content=\"L\u2019utilisation des produits de la s\u00e9rie Cebioclean nous permet de disposer d\u2019un processus innovant et rapide pour la d\u00e9contamination ou l\u2019assainissement de sols...\" \/>\n<meta name=\"robots\" content=\"index, follow, max-snippet:-1, max-image-preview:large, max-video-preview:-1\" \/>\n<link rel=\"canonical\" href=\"https:\/\/www.ccpitaliana.it\/fr\/l-assainissement-et-le-traitement-de-surfaces-polluees\/\" \/>\n<meta property=\"og:locale\" content=\"fr_FR\" \/>\n<meta property=\"og:type\" content=\"article\" \/>\n<meta property=\"og:title\" content=\"L\u2019assainissement et le traitement de surfaces pollu\u00e9es\" \/>\n<meta property=\"og:description\" content=\"L\u2019utilisation des produits de la s\u00e9rie Cebioclean nous permet de disposer d\u2019un processus innovant et rapide pour la d\u00e9contamination ou l\u2019assainissement de sols industriels en b\u00e9ton ou de surfaces dures en enlevant les hydrocarbures, les substances huileuses et autres polluants tout en respectant l\u2019environnement. Utilisation en particulier pour les stations-service, garages, sites industriels, entrep\u00f4ts, centres logistiques, l\u2019industrie alimentaire. Ce proc\u00e9d\u00e9 remplace les interventions structurelles ordinaires telles que le martelage, le fraisage, voire la d\u00e9molition de la chape \u201cpollu\u00e9e\u201d.\" \/>\n<meta property=\"og:url\" content=\"https:\/\/www.ccpitaliana.it\/fr\/l-assainissement-et-le-traitement-de-surfaces-polluees\/\" \/>\n<meta property=\"og:site_name\" content=\"CCP Italiana\" \/>\n<meta property=\"article:modified_time\" content=\"2017-03-27T09:30:08+00:00\" \/>\n<meta property=\"og:image\" content=\"http:\/\/www.ccpitaliana.it\/wp-content\/uploads\/2016\/10\/clip_image002_a.jpg\" \/>\n<meta name=\"twitter:card\" content=\"summary_large_image\" \/>\n<meta name=\"twitter:title\" content=\"L\u2019assainissement et le traitement de surfaces pollu\u00e9es\" \/>\n<meta name=\"twitter:description\" content=\"L\u2019utilisation des produits de la s\u00e9rie Cebioclean nous permet de disposer d\u2019un processus innovant et rapide pour la d\u00e9contamination ou l\u2019assainissement de sols industriels en b\u00e9ton ou de surfaces dures en enlevant les hydrocarbures, les substances huileuses et autres polluants tout en respectant l\u2019environnement. Utilisation en particulier pour les stations-service, garages, sites industriels, entrep\u00f4ts, centres logistiques, l\u2019industrie alimentaire. Ce proc\u00e9d\u00e9 remplace les interventions structurelles ordinaires telles que le martelage, le fraisage, voire la d\u00e9molition de la chape \u201cpollu\u00e9e\u201d.\" \/>\n<meta name=\"twitter:image\" content=\"http:\/\/www.ccpitaliana.it\/wp-content\/uploads\/2016\/10\/clip_image002_a.jpg\" \/>\n<meta name=\"twitter:label1\" content=\"Est. reading time\" \/>\n\t<meta name=\"twitter:data1\" content=\"1 minute\" \/>\n<script type=\"application\/ld+json\" class=\"yoast-schema-graph\">{\"@context\":\"https:\/\/schema.org\",\"@graph\":[{\"@type\":\"WebPage\",\"@id\":\"https:\/\/www.ccpitaliana.it\/fr\/l-assainissement-et-le-traitement-de-surfaces-polluees\/\",\"url\":\"https:\/\/www.ccpitaliana.it\/fr\/l-assainissement-et-le-traitement-de-surfaces-polluees\/\",\"name\":\"L\u2019assainissement et le traitement de surfaces pollu\u00e9es\",\"isPartOf\":{\"@id\":\"https:\/\/www.ccpitaliana.it\/#website\"},\"datePublished\":\"2016-10-21T08:50:30+00:00\",\"dateModified\":\"2017-03-27T09:30:08+00:00\",\"description\":\"L\u2019utilisation des produits de la s\u00e9rie Cebioclean nous permet de disposer d\u2019un processus innovant et rapide pour la d\u00e9contamination ou l\u2019assainissement de sols...\",\"breadcrumb\":{\"@id\":\"https:\/\/www.ccpitaliana.it\/fr\/l-assainissement-et-le-traitement-de-surfaces-polluees\/#breadcrumb\"},\"inLanguage\":\"fr-FR\",\"potentialAction\":[{\"@type\":\"ReadAction\",\"target\":[\"https:\/\/www.ccpitaliana.it\/fr\/l-assainissement-et-le-traitement-de-surfaces-polluees\/\"]}]},{\"@type\":\"BreadcrumbList\",\"@id\":\"https:\/\/www.ccpitaliana.it\/fr\/l-assainissement-et-le-traitement-de-surfaces-polluees\/#breadcrumb\",\"itemListElement\":[{\"@type\":\"ListItem\",\"position\":1,\"name\":\"Home\",\"item\":\"https:\/\/www.ccpitaliana.it\/fr\/\"},{\"@type\":\"ListItem\",\"position\":2,\"name\":\"L\u2019assainissement et le traitement de surfaces pollu\u00e9es\"}]},{\"@type\":\"WebSite\",\"@id\":\"https:\/\/www.ccpitaliana.it\/#website\",\"url\":\"https:\/\/www.ccpitaliana.it\/\",\"name\":\"CCP Italiana\",\"description\":\"Jet Grouting\",\"publisher\":{\"@id\":\"https:\/\/www.ccpitaliana.it\/#organization\"},\"potentialAction\":[{\"@type\":\"SearchAction\",\"target\":{\"@type\":\"EntryPoint\",\"urlTemplate\":\"https:\/\/www.ccpitaliana.it\/?s={search_term_string}\"},\"query-input\":{\"@type\":\"PropertyValueSpecification\",\"valueRequired\":true,\"valueName\":\"search_term_string\"}}],\"inLanguage\":\"fr-FR\"},{\"@type\":\"Organization\",\"@id\":\"https:\/\/www.ccpitaliana.it\/#organization\",\"name\":\"CCP Italiana S.r.l.\",\"url\":\"https:\/\/www.ccpitaliana.it\/\",\"logo\":{\"@type\":\"ImageObject\",\"inLanguage\":\"fr-FR\",\"@id\":\"https:\/\/www.ccpitaliana.it\/#\/schema\/logo\/image\/\",\"url\":\"https:\/\/www.ccpitaliana.it\/wp-content\/uploads\/2016\/10\/ccp_italiana_logo.jpg\",\"contentUrl\":\"https:\/\/www.ccpitaliana.it\/wp-content\/uploads\/2016\/10\/ccp_italiana_logo.jpg\",\"width\":252,\"height\":260,\"caption\":\"CCP Italiana S.r.l.\"},\"image\":{\"@id\":\"https:\/\/www.ccpitaliana.it\/#\/schema\/logo\/image\/\"}}]}<\/script>\n<!-- \/ Yoast SEO plugin. -->","yoast_head_json":{"title":"L\u2019assainissement et le traitement de surfaces pollu\u00e9es","description":"L\u2019utilisation des produits de la s\u00e9rie Cebioclean nous permet de disposer d\u2019un processus innovant et rapide pour la d\u00e9contamination ou l\u2019assainissement de sols...","robots":{"index":"index","follow":"follow","max-snippet":"max-snippet:-1","max-image-preview":"max-image-preview:large","max-video-preview":"max-video-preview:-1"},"canonical":"https:\/\/www.ccpitaliana.it\/fr\/l-assainissement-et-le-traitement-de-surfaces-polluees\/","og_locale":"fr_FR","og_type":"article","og_title":"L\u2019assainissement et le traitement de surfaces pollu\u00e9es","og_description":"L\u2019utilisation des produits de la s\u00e9rie Cebioclean nous permet de disposer d\u2019un processus innovant et rapide pour la d\u00e9contamination ou l\u2019assainissement de sols industriels en b\u00e9ton ou de surfaces dures en enlevant les hydrocarbures, les substances huileuses et autres polluants tout en respectant l\u2019environnement. Utilisation en particulier pour les stations-service, garages, sites industriels, entrep\u00f4ts, centres logistiques, l\u2019industrie alimentaire. Ce proc\u00e9d\u00e9 remplace les interventions structurelles ordinaires telles que le martelage, le fraisage, voire la d\u00e9molition de la chape \u201cpollu\u00e9e\u201d.","og_url":"https:\/\/www.ccpitaliana.it\/fr\/l-assainissement-et-le-traitement-de-surfaces-polluees\/","og_site_name":"CCP Italiana","article_modified_time":"2017-03-27T09:30:08+00:00","og_image":[{"url":"http:\/\/www.ccpitaliana.it\/wp-content\/uploads\/2016\/10\/clip_image002_a.jpg","type":"","width":"","height":""}],"twitter_card":"summary_large_image","twitter_title":"L\u2019assainissement et le traitement de surfaces pollu\u00e9es","twitter_description":"L\u2019utilisation des produits de la s\u00e9rie Cebioclean nous permet de disposer d\u2019un processus innovant et rapide pour la d\u00e9contamination ou l\u2019assainissement de sols industriels en b\u00e9ton ou de surfaces dures en enlevant les hydrocarbures, les substances huileuses et autres polluants tout en respectant l\u2019environnement. Utilisation en particulier pour les stations-service, garages, sites industriels, entrep\u00f4ts, centres logistiques, l\u2019industrie alimentaire. Ce proc\u00e9d\u00e9 remplace les interventions structurelles ordinaires telles que le martelage, le fraisage, voire la d\u00e9molition de la chape \u201cpollu\u00e9e\u201d.","twitter_image":"http:\/\/www.ccpitaliana.it\/wp-content\/uploads\/2016\/10\/clip_image002_a.jpg","twitter_misc":{"Est. reading time":"1 minute"},"schema":{"@context":"https:\/\/schema.org","@graph":[{"@type":"WebPage","@id":"https:\/\/www.ccpitaliana.it\/fr\/l-assainissement-et-le-traitement-de-surfaces-polluees\/","url":"https:\/\/www.ccpitaliana.it\/fr\/l-assainissement-et-le-traitement-de-surfaces-polluees\/","name":"L\u2019assainissement et le traitement de surfaces pollu\u00e9es","isPartOf":{"@id":"https:\/\/www.ccpitaliana.it\/#website"},"datePublished":"2016-10-21T08:50:30+00:00","dateModified":"2017-03-27T09:30:08+00:00","description":"L\u2019utilisation des produits de la s\u00e9rie Cebioclean nous permet de disposer d\u2019un processus innovant et rapide pour la d\u00e9contamination ou l\u2019assainissement de sols...","breadcrumb":{"@id":"https:\/\/www.ccpitaliana.it\/fr\/l-assainissement-et-le-traitement-de-surfaces-polluees\/#breadcrumb"},"inLanguage":"fr-FR","potentialAction":[{"@type":"ReadAction","target":["https:\/\/www.ccpitaliana.it\/fr\/l-assainissement-et-le-traitement-de-surfaces-polluees\/"]}]},{"@type":"BreadcrumbList","@id":"https:\/\/www.ccpitaliana.it\/fr\/l-assainissement-et-le-traitement-de-surfaces-polluees\/#breadcrumb","itemListElement":[{"@type":"ListItem","position":1,"name":"Home","item":"https:\/\/www.ccpitaliana.it\/fr\/"},{"@type":"ListItem","position":2,"name":"L\u2019assainissement et le traitement de surfaces pollu\u00e9es"}]},{"@type":"WebSite","@id":"https:\/\/www.ccpitaliana.it\/#website","url":"https:\/\/www.ccpitaliana.it\/","name":"CCP Italiana","description":"Jet Grouting","publisher":{"@id":"https:\/\/www.ccpitaliana.it\/#organization"},"potentialAction":[{"@type":"SearchAction","target":{"@type":"EntryPoint","urlTemplate":"https:\/\/www.ccpitaliana.it\/?s={search_term_string}"},"query-input":{"@type":"PropertyValueSpecification","valueRequired":true,"valueName":"search_term_string"}}],"inLanguage":"fr-FR"},{"@type":"Organization","@id":"https:\/\/www.ccpitaliana.it\/#organization","name":"CCP Italiana S.r.l.","url":"https:\/\/www.ccpitaliana.it\/","logo":{"@type":"ImageObject","inLanguage":"fr-FR","@id":"https:\/\/www.ccpitaliana.it\/#\/schema\/logo\/image\/","url":"https:\/\/www.ccpitaliana.it\/wp-content\/uploads\/2016\/10\/ccp_italiana_logo.jpg","contentUrl":"https:\/\/www.ccpitaliana.it\/wp-content\/uploads\/2016\/10\/ccp_italiana_logo.jpg","width":252,"height":260,"caption":"CCP Italiana S.r.l."},"image":{"@id":"https:\/\/www.ccpitaliana.it\/#\/schema\/logo\/image\/"}}]}},"_links":{"self":[{"href":"https:\/\/www.ccpitaliana.it\/fr\/wp-json\/wp\/v2\/pages\/412","targetHints":{"allow":["GET"]}}],"collection":[{"href":"https:\/\/www.ccpitaliana.it\/fr\/wp-json\/wp\/v2\/pages"}],"about":[{"href":"https:\/\/www.ccpitaliana.it\/fr\/wp-json\/wp\/v2\/types\/page"}],"author":[{"embeddable":true,"href":"https:\/\/www.ccpitaliana.it\/fr\/wp-json\/wp\/v2\/users\/1"}],"replies":[{"embeddable":true,"href":"https:\/\/www.ccpitaliana.it\/fr\/wp-json\/wp\/v2\/comments?post=412"}],"version-history":[{"count":2,"href":"https:\/\/www.ccpitaliana.it\/fr\/wp-json\/wp\/v2\/pages\/412\/revisions"}],"predecessor-version":[{"id":414,"href":"https:\/\/www.ccpitaliana.it\/fr\/wp-json\/wp\/v2\/pages\/412\/revisions\/414"}],"wp:attachment":[{"href":"https:\/\/www.ccpitaliana.it\/fr\/wp-json\/wp\/v2\/media?parent=412"}],"curies":[{"name":"wp","href":"https:\/\/api.w.org\/{rel}","templated":true}]}}