{"id":425,"date":"2016-10-26T08:49:18","date_gmt":"2016-10-26T06:49:18","guid":{"rendered":"https:\/\/www.ccpitaliana.it\/certificazioni\/?lang=fr"},"modified":"2017-03-27T10:55:49","modified_gmt":"2017-03-27T08:55:49","slug":"certifications","status":"publish","type":"page","link":"https:\/\/www.ccpitaliana.it\/fr\/certifications\/","title":{"rendered":"Certifications"},"content":{"rendered":"<p>[vc_row][vc_column width=&#8221;1\/1&#8243;][vc_column_text]<\/p>\n<h1 style=\"text-align: center;\">CERTIFICATIONS<\/h1>\n<p>[\/vc_column_text][vc_row_inner][vc_column_inner width=&#8221;1\/2&#8243;][vc_single_image media=&#8221;262&#8243; media_width_percent=&#8221;25&#8243; alignment=&#8221;center&#8221; media_link=&#8221;url:http%3A%2F%2Fwww.ccpitaliana.it%2Fwp-content%2Fuploads%2F2016%2F10%2FSC-08-1475_certificato_rev.04_160317CCP-Italiana.pdf||target:%20_blank|&#8221;][\/vc_column_inner][vc_column_inner width=&#8221;1\/2&#8243;][vc_single_image media=&#8221;258&#8243; media_width_percent=&#8221;50&#8243; alignment=&#8221;center&#8221; media_link=&#8221;url:http%3A%2F%2Fwww.ccpitaliana.it%2Fwp-content%2Fuploads%2F2016%2F10%2FATT.-SOA-CCP-ITALIANA-SRL.pdf||target:%20_blank|&#8221;][\/vc_column_inner][\/vc_row_inner][\/vc_column][\/vc_row][vc_row][vc_column width=&#8221;1\/2&#8243;][vc_column_text]<\/p>\n<p style=\"text-align: center;\"><strong>Construction d\u2019ouvrages structurels sp\u00e9ciaux tels que les micropieux et le jet grouting.(EA28)<\/strong><\/p>\n<p>[\/vc_column_text][\/vc_column][vc_column width=&#8221;1\/2&#8243;][vc_column_text]<\/p>\n<p style=\"text-align: center;\"><strong>Attestation de qualification pour l\u2019ex\u00e9cution de travaux publics<\/strong><\/p>\n<p>[\/vc_column_text][\/vc_column][\/vc_row]<\/p>\n","protected":false},"excerpt":{"rendered":"<p>[vc_row][vc_column width=&#8221;1\/1&#8243;][vc_column_text] CERTIFICATIONS [\/vc_column_text][vc_row_inner][vc_column_inner width=&#8221;1\/2&#8243;][vc_single_image media=&#8221;262&#8243; media_width_percent=&#8221;25&#8243; alignment=&#8221;center&#8221; media_link=&#8221;url:http%3A%2F%2Fwww.ccpitaliana.it%2Fwp-content%2Fuploads%2F2016%2F10%2FSC-08-1475_certificato_rev.04_160317CCP-Italiana.pdf||target:%20_blank|&#8221;][\/vc_column_inner][vc_column_inner width=&#8221;1\/2&#8243;][vc_single_image media=&#8221;258&#8243; media_width_percent=&#8221;50&#8243; alignment=&#8221;center&#8221; media_link=&#8221;url:http%3A%2F%2Fwww.ccpitaliana.it%2Fwp-content%2Fuploads%2F2016%2F10%2FATT.-SOA-CCP-ITALIANA-SRL.pdf||target:%20_blank|&#8221;][\/vc_column_inner][\/vc_row_inner][\/vc_column][\/vc_row][vc_row][vc_column width=&#8221;1\/2&#8243;][vc_column_text] Construction d\u2019ouvrages structurels sp\u00e9ciaux tels [&hellip;]<\/p>\n","protected":false},"author":1,"featured_media":0,"parent":0,"menu_order":0,"comment_status":"closed","ping_status":"closed","template":"","meta":{"_exactmetrics_skip_tracking":false,"_exactmetrics_sitenote_active":false,"_exactmetrics_sitenote_note":"","_exactmetrics_sitenote_category":0,"footnotes":""},"class_list":["post-425","page","type-page","status-publish","hentry"],"yoast_head":"<!-- This site is optimized with the Yoast SEO plugin v26.2 - https:\/\/yoast.com\/wordpress\/plugins\/seo\/ -->\n<title>Certifications<\/title>\n<meta name=\"description\" content=\"T\u00e9l\u00e9chargez nos certifications: la construction d&#039;ouvrages d&#039;art sp\u00e9ciaux tels que les micro-piles et jet grouting, les travaux publics\" \/>\n<meta name=\"robots\" content=\"index, follow, max-snippet:-1, max-image-preview:large, max-video-preview:-1\" \/>\n<link rel=\"canonical\" href=\"https:\/\/www.ccpitaliana.it\/fr\/certifications\/\" \/>\n<meta property=\"og:locale\" content=\"fr_FR\" \/>\n<meta property=\"og:type\" content=\"article\" \/>\n<meta property=\"og:title\" content=\"Certificazioni CCP Italiana\" \/>\n<meta property=\"og:description\" content=\"CCP Italiana-scarica le nostre certificazioni:costruzione di opere strutturali speciali quali micropali e jet grouting, esecuzione di lavori pubblici\" \/>\n<meta property=\"og:url\" content=\"https:\/\/www.ccpitaliana.it\/fr\/certifications\/\" \/>\n<meta property=\"og:site_name\" content=\"CCP Italiana\" \/>\n<meta property=\"article:modified_time\" content=\"2017-03-27T08:55:49+00:00\" \/>\n<meta property=\"og:image\" content=\"http:\/\/www.ccpitaliana.it\/wp-content\/uploads\/2016\/10\/ccp_italiana_logo.jpg\" \/>\n<meta name=\"twitter:card\" content=\"summary_large_image\" \/>\n<meta name=\"twitter:title\" content=\"Certificazioni CCP Italiana\" \/>\n<meta name=\"twitter:description\" content=\"CCP Italiana-scarica le nostre certificazioni:costruzione di opere strutturali speciali quali micropali e jet grouting, esecuzione di lavori pubblici\" \/>\n<meta name=\"twitter:image\" content=\"http:\/\/www.ccpitaliana.it\/wp-content\/uploads\/2016\/10\/ccp_italiana_logo.jpg\" \/>\n<meta name=\"twitter:label1\" content=\"Est. reading time\" \/>\n\t<meta name=\"twitter:data1\" content=\"1 minute\" \/>\n<script type=\"application\/ld+json\" class=\"yoast-schema-graph\">{\"@context\":\"https:\/\/schema.org\",\"@graph\":[{\"@type\":\"WebPage\",\"@id\":\"https:\/\/www.ccpitaliana.it\/fr\/certifications\/\",\"url\":\"https:\/\/www.ccpitaliana.it\/fr\/certifications\/\",\"name\":\"Certifications\",\"isPartOf\":{\"@id\":\"https:\/\/www.ccpitaliana.it\/#website\"},\"datePublished\":\"2016-10-26T06:49:18+00:00\",\"dateModified\":\"2017-03-27T08:55:49+00:00\",\"description\":\"T\u00e9l\u00e9chargez nos certifications: la construction d'ouvrages d'art sp\u00e9ciaux tels que les micro-piles et jet grouting, les travaux publics\",\"breadcrumb\":{\"@id\":\"https:\/\/www.ccpitaliana.it\/fr\/certifications\/#breadcrumb\"},\"inLanguage\":\"fr-FR\",\"potentialAction\":[{\"@type\":\"ReadAction\",\"target\":[\"https:\/\/www.ccpitaliana.it\/fr\/certifications\/\"]}]},{\"@type\":\"BreadcrumbList\",\"@id\":\"https:\/\/www.ccpitaliana.it\/fr\/certifications\/#breadcrumb\",\"itemListElement\":[{\"@type\":\"ListItem\",\"position\":1,\"name\":\"Home\",\"item\":\"https:\/\/www.ccpitaliana.it\/fr\/\"},{\"@type\":\"ListItem\",\"position\":2,\"name\":\"Certifications\"}]},{\"@type\":\"WebSite\",\"@id\":\"https:\/\/www.ccpitaliana.it\/#website\",\"url\":\"https:\/\/www.ccpitaliana.it\/\",\"name\":\"CCP Italiana\",\"description\":\"Jet Grouting\",\"publisher\":{\"@id\":\"https:\/\/www.ccpitaliana.it\/#organization\"},\"potentialAction\":[{\"@type\":\"SearchAction\",\"target\":{\"@type\":\"EntryPoint\",\"urlTemplate\":\"https:\/\/www.ccpitaliana.it\/?s={search_term_string}\"},\"query-input\":{\"@type\":\"PropertyValueSpecification\",\"valueRequired\":true,\"valueName\":\"search_term_string\"}}],\"inLanguage\":\"fr-FR\"},{\"@type\":\"Organization\",\"@id\":\"https:\/\/www.ccpitaliana.it\/#organization\",\"name\":\"CCP Italiana S.r.l.\",\"url\":\"https:\/\/www.ccpitaliana.it\/\",\"logo\":{\"@type\":\"ImageObject\",\"inLanguage\":\"fr-FR\",\"@id\":\"https:\/\/www.ccpitaliana.it\/#\/schema\/logo\/image\/\",\"url\":\"https:\/\/www.ccpitaliana.it\/wp-content\/uploads\/2016\/10\/ccp_italiana_logo.jpg\",\"contentUrl\":\"https:\/\/www.ccpitaliana.it\/wp-content\/uploads\/2016\/10\/ccp_italiana_logo.jpg\",\"width\":252,\"height\":260,\"caption\":\"CCP Italiana S.r.l.\"},\"image\":{\"@id\":\"https:\/\/www.ccpitaliana.it\/#\/schema\/logo\/image\/\"}}]}<\/script>\n<!-- \/ Yoast SEO plugin. -->","yoast_head_json":{"title":"Certifications","description":"T\u00e9l\u00e9chargez nos certifications: la construction d'ouvrages d'art sp\u00e9ciaux tels que les micro-piles et jet grouting, les travaux publics","robots":{"index":"index","follow":"follow","max-snippet":"max-snippet:-1","max-image-preview":"max-image-preview:large","max-video-preview":"max-video-preview:-1"},"canonical":"https:\/\/www.ccpitaliana.it\/fr\/certifications\/","og_locale":"fr_FR","og_type":"article","og_title":"Certificazioni CCP Italiana","og_description":"CCP Italiana-scarica le nostre certificazioni:costruzione di opere strutturali speciali quali micropali e jet grouting, esecuzione di lavori pubblici","og_url":"https:\/\/www.ccpitaliana.it\/fr\/certifications\/","og_site_name":"CCP Italiana","article_modified_time":"2017-03-27T08:55:49+00:00","og_image":[{"url":"http:\/\/www.ccpitaliana.it\/wp-content\/uploads\/2016\/10\/ccp_italiana_logo.jpg","type":"","width":"","height":""}],"twitter_card":"summary_large_image","twitter_title":"Certificazioni CCP Italiana","twitter_description":"CCP Italiana-scarica le nostre certificazioni:costruzione di opere strutturali speciali quali micropali e jet grouting, esecuzione di lavori pubblici","twitter_image":"http:\/\/www.ccpitaliana.it\/wp-content\/uploads\/2016\/10\/ccp_italiana_logo.jpg","twitter_misc":{"Est. reading time":"1 minute"},"schema":{"@context":"https:\/\/schema.org","@graph":[{"@type":"WebPage","@id":"https:\/\/www.ccpitaliana.it\/fr\/certifications\/","url":"https:\/\/www.ccpitaliana.it\/fr\/certifications\/","name":"Certifications","isPartOf":{"@id":"https:\/\/www.ccpitaliana.it\/#website"},"datePublished":"2016-10-26T06:49:18+00:00","dateModified":"2017-03-27T08:55:49+00:00","description":"T\u00e9l\u00e9chargez nos certifications: la construction d'ouvrages d'art sp\u00e9ciaux tels que les micro-piles et jet grouting, les travaux publics","breadcrumb":{"@id":"https:\/\/www.ccpitaliana.it\/fr\/certifications\/#breadcrumb"},"inLanguage":"fr-FR","potentialAction":[{"@type":"ReadAction","target":["https:\/\/www.ccpitaliana.it\/fr\/certifications\/"]}]},{"@type":"BreadcrumbList","@id":"https:\/\/www.ccpitaliana.it\/fr\/certifications\/#breadcrumb","itemListElement":[{"@type":"ListItem","position":1,"name":"Home","item":"https:\/\/www.ccpitaliana.it\/fr\/"},{"@type":"ListItem","position":2,"name":"Certifications"}]},{"@type":"WebSite","@id":"https:\/\/www.ccpitaliana.it\/#website","url":"https:\/\/www.ccpitaliana.it\/","name":"CCP Italiana","description":"Jet Grouting","publisher":{"@id":"https:\/\/www.ccpitaliana.it\/#organization"},"potentialAction":[{"@type":"SearchAction","target":{"@type":"EntryPoint","urlTemplate":"https:\/\/www.ccpitaliana.it\/?s={search_term_string}"},"query-input":{"@type":"PropertyValueSpecification","valueRequired":true,"valueName":"search_term_string"}}],"inLanguage":"fr-FR"},{"@type":"Organization","@id":"https:\/\/www.ccpitaliana.it\/#organization","name":"CCP Italiana S.r.l.","url":"https:\/\/www.ccpitaliana.it\/","logo":{"@type":"ImageObject","inLanguage":"fr-FR","@id":"https:\/\/www.ccpitaliana.it\/#\/schema\/logo\/image\/","url":"https:\/\/www.ccpitaliana.it\/wp-content\/uploads\/2016\/10\/ccp_italiana_logo.jpg","contentUrl":"https:\/\/www.ccpitaliana.it\/wp-content\/uploads\/2016\/10\/ccp_italiana_logo.jpg","width":252,"height":260,"caption":"CCP Italiana S.r.l."},"image":{"@id":"https:\/\/www.ccpitaliana.it\/#\/schema\/logo\/image\/"}}]}},"_links":{"self":[{"href":"https:\/\/www.ccpitaliana.it\/fr\/wp-json\/wp\/v2\/pages\/425","targetHints":{"allow":["GET"]}}],"collection":[{"href":"https:\/\/www.ccpitaliana.it\/fr\/wp-json\/wp\/v2\/pages"}],"about":[{"href":"https:\/\/www.ccpitaliana.it\/fr\/wp-json\/wp\/v2\/types\/page"}],"author":[{"embeddable":true,"href":"https:\/\/www.ccpitaliana.it\/fr\/wp-json\/wp\/v2\/users\/1"}],"replies":[{"embeddable":true,"href":"https:\/\/www.ccpitaliana.it\/fr\/wp-json\/wp\/v2\/comments?post=425"}],"version-history":[{"count":2,"href":"https:\/\/www.ccpitaliana.it\/fr\/wp-json\/wp\/v2\/pages\/425\/revisions"}],"predecessor-version":[{"id":427,"href":"https:\/\/www.ccpitaliana.it\/fr\/wp-json\/wp\/v2\/pages\/425\/revisions\/427"}],"wp:attachment":[{"href":"https:\/\/www.ccpitaliana.it\/fr\/wp-json\/wp\/v2\/media?parent=425"}],"curies":[{"name":"wp","href":"https:\/\/api.w.org\/{rel}","templated":true}]}}